{"id":139,"date":"2020-11-02T22:31:33","date_gmt":"2020-11-02T21:31:33","guid":{"rendered":"https:\/\/www.gshsystem.com\/?page_id=139"},"modified":"2021-05-11T06:39:54","modified_gmt":"2021-05-11T04:39:54","slug":"help-obj-timer4","status":"publish","type":"page","link":"https:\/\/www.gshsystem.com\/cs\/software\/designer-automatizace\/swblock\/help-obj-timer4\/","title":{"rendered":"Bud\u00edk"},"content":{"rendered":"\n<div class=\"wp-block-image\"><figure class=\"aligncenter size-large\"><img decoding=\"async\" src=\"https:\/\/www.gshsystem.com\/wp-content\/uploads\/2020\/11\/timer4.png\" alt=\"\" class=\"wp-image-141\"\/><\/figure><\/div>\n\n\n\n<h5 class=\"wp-block-heading\">Popis<\/h5>\n\n\n\n<p>Generuje impuls ve stanoven\u00fd den a \u010das. <\/p>\n\n\n\n<h5 class=\"wp-block-heading\">Parametry<\/h5>\n\n\n\n<figure class=\"wp-block-table\"><table class=\"has-fixed-layout\"><tbody><tr><td><strong>Jm\u00e9no<\/strong><\/td><td>Jm\u00e9no objektu<\/td><\/tr><tr><td><strong>\u010casy sepnut\u00ed<\/strong><\/td><td>Otev\u0159e dialogov\u00e9 okno pro nastaven\u00ed \u010das\u016f bud\u00edku<\/td><\/tr><tr><td><strong>D\u00e9lka impulsu<\/strong><\/td><td>D\u00e9lka v\u00fdstupn\u00edho impulsu [sec]<\/td><\/tr><tr><td><strong>Vstupn\u00ed porty<\/strong><\/td><td>Povoluje u\u017eit\u00ed vstup\u016f<\/td><\/tr><\/tbody><\/table><\/figure>\n\n\n\n<h5 class=\"wp-block-heading\">Vstupy<\/h5>\n\n\n\n<figure class=\"wp-block-table\"><table class=\"has-fixed-layout\"><tbody><tr><td><strong>R<\/strong><\/td><td>Deaktivuje pr\u00e1v\u011b prob\u00edhaj\u00edc\u00ed bud\u00edk (vypne v\u00fdstup Q)<\/td><\/tr><tr><td><strong>Blk<\/strong><\/td><td>Blokuje aktivaci bud\u00edku<\/td><\/tr><tr><td><strong>Dis<\/strong><\/td><td>Blokuje ovl\u00e1d\u00e1n\u00ed bud\u00edku z vizualizace<\/td><\/tr><\/tbody><\/table><\/figure>\n\n\n\n<h5 class=\"wp-block-heading\">V\u00fdstupy<\/h5>\n\n\n\n<figure class=\"wp-block-table\"><table class=\"has-fixed-layout\"><tbody><tr><td><strong>Q<\/strong><\/td><td>V\u00fdstupn\u00ed impuls bud\u00edku<\/td><\/tr><\/tbody><\/table><\/figure>\n","protected":false},"excerpt":{"rendered":"<p>Popis Generuje impuls ve stanoven\u00fd den a \u010das. Parametry Jm\u00e9no Jm\u00e9no objektu \u010casy sepnut\u00ed Otev\u0159e dialogov\u00e9 okno pro nastaven\u00ed \u010das\u016f bud\u00edku D\u00e9lka impulsu D\u00e9lka v\u00fdstupn\u00edho impulsu [sec] Vstupn\u00ed porty Povoluje u\u017eit\u00ed vstup\u016f Vstupy R Deaktivuje pr\u00e1v\u011b prob\u00edhaj\u00edc\u00ed bud\u00edk (vypne v\u00fdstup Q) Blk Blokuje aktivaci bud\u00edku Dis Blokuje ovl\u00e1d\u00e1n\u00ed bud\u00edku z vizualizace V\u00fdstupy Q V\u00fdstupn\u00ed impuls [&hellip;]<\/p>\n","protected":false},"author":6,"featured_media":0,"parent":365,"menu_order":0,"comment_status":"closed","ping_status":"closed","template":"","meta":{"_et_pb_use_builder":"off","_et_pb_old_content":"","_et_gb_content_width":"926","footnotes":""},"categories":[33],"tags":[],"class_list":["post-139","page","type-page","status-publish","hentry","category-navody-objekty-cas"],"yoast_head":"<!-- This site is optimized with the Yoast SEO plugin v27.2 - https:\/\/yoast.com\/product\/yoast-seo-wordpress\/ -->\n<title>Bud\u00edk - GshSystem<\/title>\n<meta name=\"robots\" content=\"noindex, follow, max-snippet:-1, max-image-preview:large, max-video-preview:-1\" \/>\n<meta property=\"og:locale\" content=\"cs_CZ\" \/>\n<meta property=\"og:type\" content=\"article\" \/>\n<meta property=\"og:title\" content=\"Bud\u00edk - GshSystem\" \/>\n<meta property=\"og:description\" content=\"Popis Generuje impuls ve stanoven\u00fd den a \u010das. Parametry Jm\u00e9no Jm\u00e9no objektu \u010casy sepnut\u00ed Otev\u0159e dialogov\u00e9 okno pro nastaven\u00ed \u010das\u016f bud\u00edku D\u00e9lka impulsu D\u00e9lka v\u00fdstupn\u00edho impulsu [sec] Vstupn\u00ed porty Povoluje u\u017eit\u00ed vstup\u016f Vstupy R Deaktivuje pr\u00e1v\u011b prob\u00edhaj\u00edc\u00ed bud\u00edk (vypne v\u00fdstup Q) Blk Blokuje aktivaci bud\u00edku Dis Blokuje ovl\u00e1d\u00e1n\u00ed bud\u00edku z vizualizace V\u00fdstupy Q V\u00fdstupn\u00ed impuls [&hellip;]\" \/>\n<meta property=\"og:url\" content=\"https:\/\/www.gshsystem.com\/cs\/software\/designer-automatizace\/swblock\/help-obj-timer4\/\" \/>\n<meta property=\"og:site_name\" content=\"GshSystem\" \/>\n<meta property=\"article:modified_time\" content=\"2021-05-11T04:39:54+00:00\" \/>\n<meta property=\"og:image\" content=\"https:\/\/www.gshsystem.com\/wp-content\/uploads\/2020\/11\/timer4.png\" \/>\n<meta name=\"twitter:card\" content=\"summary_large_image\" \/>\n<meta name=\"twitter:label1\" content=\"Odhadovan\u00e1 doba \u010dten\u00ed\" \/>\n\t<meta name=\"twitter:data1\" content=\"1 minuta\" \/>\n<script type=\"application\/ld+json\" class=\"yoast-schema-graph\">{\"@context\":\"https:\/\/schema.org\",\"@graph\":[{\"@type\":\"WebPage\",\"@id\":\"https:\/\/www.gshsystem.com\/cs\/software\/designer-automatizace\/swblock\/help-obj-timer4\/\",\"url\":\"https:\/\/www.gshsystem.com\/cs\/software\/designer-automatizace\/swblock\/help-obj-timer4\/\",\"name\":\"Bud\u00edk - GshSystem\",\"isPartOf\":{\"@id\":\"https:\/\/www.gshsystem.com\/cs\/#website\"},\"primaryImageOfPage\":{\"@id\":\"https:\/\/www.gshsystem.com\/cs\/software\/designer-automatizace\/swblock\/help-obj-timer4\/#primaryimage\"},\"image\":{\"@id\":\"https:\/\/www.gshsystem.com\/cs\/software\/designer-automatizace\/swblock\/help-obj-timer4\/#primaryimage\"},\"thumbnailUrl\":\"https:\/\/www.gshsystem.com\/wp-content\/uploads\/2020\/11\/timer4.png\",\"datePublished\":\"2020-11-02T21:31:33+00:00\",\"dateModified\":\"2021-05-11T04:39:54+00:00\",\"breadcrumb\":{\"@id\":\"https:\/\/www.gshsystem.com\/cs\/software\/designer-automatizace\/swblock\/help-obj-timer4\/#breadcrumb\"},\"inLanguage\":\"cs\",\"potentialAction\":[{\"@type\":\"ReadAction\",\"target\":[\"https:\/\/www.gshsystem.com\/cs\/software\/designer-automatizace\/swblock\/help-obj-timer4\/\"]}]},{\"@type\":\"ImageObject\",\"inLanguage\":\"cs\",\"@id\":\"https:\/\/www.gshsystem.com\/cs\/software\/designer-automatizace\/swblock\/help-obj-timer4\/#primaryimage\",\"url\":\"https:\/\/www.gshsystem.com\/wp-content\/uploads\/2020\/11\/timer4.png\",\"contentUrl\":\"https:\/\/www.gshsystem.com\/wp-content\/uploads\/2020\/11\/timer4.png\"},{\"@type\":\"BreadcrumbList\",\"@id\":\"https:\/\/www.gshsystem.com\/cs\/software\/designer-automatizace\/swblock\/help-obj-timer4\/#breadcrumb\",\"itemListElement\":[{\"@type\":\"ListItem\",\"position\":1,\"name\":\"Software\",\"item\":\"https:\/\/www.gshsystem.com\/cs\/software\/\"},{\"@type\":\"ListItem\",\"position\":2,\"name\":\"Designer automatizace\",\"item\":\"https:\/\/www.gshsystem.com\/cs\/software\/designer-automatizace\/\"},{\"@type\":\"ListItem\",\"position\":3,\"name\":\"Softwarov\u00e9 bloky\",\"item\":\"https:\/\/www.gshsystem.com\/cs\/software\/designer-automatizace\/swblock\/\"},{\"@type\":\"ListItem\",\"position\":4,\"name\":\"Bud\u00edk\"}]},{\"@type\":\"WebSite\",\"@id\":\"https:\/\/www.gshsystem.com\/cs\/#website\",\"url\":\"https:\/\/www.gshsystem.com\/cs\/\",\"name\":\"GshSystem\",\"description\":\"\",\"potentialAction\":[{\"@type\":\"SearchAction\",\"target\":{\"@type\":\"EntryPoint\",\"urlTemplate\":\"https:\/\/www.gshsystem.com\/cs\/?s={search_term_string}\"},\"query-input\":{\"@type\":\"PropertyValueSpecification\",\"valueRequired\":true,\"valueName\":\"search_term_string\"}}],\"inLanguage\":\"cs\"}]}<\/script>\n<!-- \/ Yoast SEO plugin. -->","yoast_head_json":{"title":"Bud\u00edk - GshSystem","robots":{"index":"noindex","follow":"follow","max-snippet":"max-snippet:-1","max-image-preview":"max-image-preview:large","max-video-preview":"max-video-preview:-1"},"og_locale":"cs_CZ","og_type":"article","og_title":"Bud\u00edk - GshSystem","og_description":"Popis Generuje impuls ve stanoven\u00fd den a \u010das. Parametry Jm\u00e9no Jm\u00e9no objektu \u010casy sepnut\u00ed Otev\u0159e dialogov\u00e9 okno pro nastaven\u00ed \u010das\u016f bud\u00edku D\u00e9lka impulsu D\u00e9lka v\u00fdstupn\u00edho impulsu [sec] Vstupn\u00ed porty Povoluje u\u017eit\u00ed vstup\u016f Vstupy R Deaktivuje pr\u00e1v\u011b prob\u00edhaj\u00edc\u00ed bud\u00edk (vypne v\u00fdstup Q) Blk Blokuje aktivaci bud\u00edku Dis Blokuje ovl\u00e1d\u00e1n\u00ed bud\u00edku z vizualizace V\u00fdstupy Q V\u00fdstupn\u00ed impuls [&hellip;]","og_url":"https:\/\/www.gshsystem.com\/cs\/software\/designer-automatizace\/swblock\/help-obj-timer4\/","og_site_name":"GshSystem","article_modified_time":"2021-05-11T04:39:54+00:00","og_image":[{"url":"https:\/\/www.gshsystem.com\/wp-content\/uploads\/2020\/11\/timer4.png","type":"","width":"","height":""}],"twitter_card":"summary_large_image","twitter_misc":{"Odhadovan\u00e1 doba \u010dten\u00ed":"1 minuta"},"schema":{"@context":"https:\/\/schema.org","@graph":[{"@type":"WebPage","@id":"https:\/\/www.gshsystem.com\/cs\/software\/designer-automatizace\/swblock\/help-obj-timer4\/","url":"https:\/\/www.gshsystem.com\/cs\/software\/designer-automatizace\/swblock\/help-obj-timer4\/","name":"Bud\u00edk - GshSystem","isPartOf":{"@id":"https:\/\/www.gshsystem.com\/cs\/#website"},"primaryImageOfPage":{"@id":"https:\/\/www.gshsystem.com\/cs\/software\/designer-automatizace\/swblock\/help-obj-timer4\/#primaryimage"},"image":{"@id":"https:\/\/www.gshsystem.com\/cs\/software\/designer-automatizace\/swblock\/help-obj-timer4\/#primaryimage"},"thumbnailUrl":"https:\/\/www.gshsystem.com\/wp-content\/uploads\/2020\/11\/timer4.png","datePublished":"2020-11-02T21:31:33+00:00","dateModified":"2021-05-11T04:39:54+00:00","breadcrumb":{"@id":"https:\/\/www.gshsystem.com\/cs\/software\/designer-automatizace\/swblock\/help-obj-timer4\/#breadcrumb"},"inLanguage":"cs","potentialAction":[{"@type":"ReadAction","target":["https:\/\/www.gshsystem.com\/cs\/software\/designer-automatizace\/swblock\/help-obj-timer4\/"]}]},{"@type":"ImageObject","inLanguage":"cs","@id":"https:\/\/www.gshsystem.com\/cs\/software\/designer-automatizace\/swblock\/help-obj-timer4\/#primaryimage","url":"https:\/\/www.gshsystem.com\/wp-content\/uploads\/2020\/11\/timer4.png","contentUrl":"https:\/\/www.gshsystem.com\/wp-content\/uploads\/2020\/11\/timer4.png"},{"@type":"BreadcrumbList","@id":"https:\/\/www.gshsystem.com\/cs\/software\/designer-automatizace\/swblock\/help-obj-timer4\/#breadcrumb","itemListElement":[{"@type":"ListItem","position":1,"name":"Software","item":"https:\/\/www.gshsystem.com\/cs\/software\/"},{"@type":"ListItem","position":2,"name":"Designer automatizace","item":"https:\/\/www.gshsystem.com\/cs\/software\/designer-automatizace\/"},{"@type":"ListItem","position":3,"name":"Softwarov\u00e9 bloky","item":"https:\/\/www.gshsystem.com\/cs\/software\/designer-automatizace\/swblock\/"},{"@type":"ListItem","position":4,"name":"Bud\u00edk"}]},{"@type":"WebSite","@id":"https:\/\/www.gshsystem.com\/cs\/#website","url":"https:\/\/www.gshsystem.com\/cs\/","name":"GshSystem","description":"","potentialAction":[{"@type":"SearchAction","target":{"@type":"EntryPoint","urlTemplate":"https:\/\/www.gshsystem.com\/cs\/?s={search_term_string}"},"query-input":{"@type":"PropertyValueSpecification","valueRequired":true,"valueName":"search_term_string"}}],"inLanguage":"cs"}]}},"_links":{"self":[{"href":"https:\/\/www.gshsystem.com\/cs\/wp-json\/wp\/v2\/pages\/139","targetHints":{"allow":["GET"]}}],"collection":[{"href":"https:\/\/www.gshsystem.com\/cs\/wp-json\/wp\/v2\/pages"}],"about":[{"href":"https:\/\/www.gshsystem.com\/cs\/wp-json\/wp\/v2\/types\/page"}],"author":[{"embeddable":true,"href":"https:\/\/www.gshsystem.com\/cs\/wp-json\/wp\/v2\/users\/6"}],"replies":[{"embeddable":true,"href":"https:\/\/www.gshsystem.com\/cs\/wp-json\/wp\/v2\/comments?post=139"}],"version-history":[{"count":0,"href":"https:\/\/www.gshsystem.com\/cs\/wp-json\/wp\/v2\/pages\/139\/revisions"}],"up":[{"embeddable":true,"href":"https:\/\/www.gshsystem.com\/cs\/wp-json\/wp\/v2\/pages\/365"}],"wp:attachment":[{"href":"https:\/\/www.gshsystem.com\/cs\/wp-json\/wp\/v2\/media?parent=139"}],"wp:term":[{"taxonomy":"category","embeddable":true,"href":"https:\/\/www.gshsystem.com\/cs\/wp-json\/wp\/v2\/categories?post=139"},{"taxonomy":"post_tag","embeddable":true,"href":"https:\/\/www.gshsystem.com\/cs\/wp-json\/wp\/v2\/tags?post=139"}],"curies":[{"name":"wp","href":"https:\/\/api.w.org\/{rel}","templated":true}]}}