{"id":227,"date":"2020-11-10T17:51:19","date_gmt":"2020-11-10T16:51:19","guid":{"rendered":"https:\/\/www.gshsystem.com\/?page_id=227"},"modified":"2021-05-11T06:28:10","modified_gmt":"2021-05-11T04:28:10","slug":"help-obj-ezs","status":"publish","type":"page","link":"https:\/\/www.gshsystem.com\/cs\/software\/designer-automatizace\/swblock\/help-obj-ezs\/","title":{"rendered":"EZS &#8211; Elektronick\u00fd zabezpe\u010dovac\u00ed syst\u00e9m"},"content":{"rendered":"\n<h3 class=\"wp-block-heading\">EZS &#8211; Elektronick\u00fd zabezpe\u010dovac\u00ed syst\u00e9m<\/h3>\n\n\n\n<div class=\"wp-block-image\"><figure class=\"aligncenter size-large\"><img decoding=\"async\" src=\"https:\/\/www.gshsystem.com\/wp-content\/uploads\/2020\/11\/ezs.png\" alt=\"\" class=\"wp-image-228\"\/><\/figure><\/div>\n\n\n\n<p>Objekt zaji\u0161\u0165uje funkci inteligentn\u00edho zabezpe\u010dovac\u00edho syst\u00e9mu. Objekt sice funguje jako plnohodnotn\u00fd zabezpe\u010dovac\u00ed syst\u00e9m, ale nen\u00ed certifikov\u00e1n jako EZS \u00fast\u0159edna !!!<\/p>\n\n\n\n<h4 class=\"wp-block-heading\">Parametry<\/h4>\n\n\n\n<figure class=\"wp-block-table\"><table class=\"has-fixed-layout\"><tbody><tr><td><strong>Parametr<\/strong><\/td><td><strong>Hodnota<\/strong><\/td><\/tr><tr><td>Jm\u00e9no<\/td><td>Jm\u00e9no objektu ve vizualizaci<\/td><\/tr><tr><td>Nastaven\u00ed sensor\u016f<\/td><td>Otev\u0159e formul\u00e1\u0159 s nastaven\u00edm senzor\u016f<\/td><\/tr><tr><td>Odchodov\u00e9 zpo\u017ed\u011bn\u00ed<\/td><td>Definuje \u010das ne\u017e bude objekt zaji\u0161t\u011bn odchodov\u00fdm zpo\u017ed\u011bn\u00edm<\/td><\/tr><tr><td>P\u0159\u00edchodov\u00e9 zpo\u017ed\u011bn\u00ed<\/td><td>Definuje za jak dlouho se vyvol\u00e1 poplach p\u0159i naru\u0161en\u00ed objektu<\/td><\/tr><tr><td>Aktivace druh\u00e9ho senzoru<\/td><td>Poplach se vyvol\u00e1 pouze v p\u0159\u00edpad\u011b, \u017ee se aktivuji 2 senzor\u016f b\u011bhem toho \u010dasu<\/td><\/tr><tr><td>Zpo\u017ed\u011bn\u00ed po restartu<\/td><td>P\u0159i restartu syst\u00e9mu se alarm aktivuje a\u017e po uplynut\u00ed t\u00e9to doby<\/td><\/tr><tr><td>Zpo\u017ed\u011bn\u00ed aktivace poplachu (Qax)<\/td><td>P\u0159i vyvol\u00e1n\u00ed poplachu je mo\u017ene ze zpo\u017ed\u011bn\u00edm aktivovat a\u017e 6 alarmov\u00fdch v\u00fdstup\u016f<\/td><\/tr><tr><td>D\u00e9lka aktivace poplachu (Qax)<\/td><td>D\u00e9lka aktivace alarmov\u00fdch v\u00fdstup\u016f<\/td><\/tr><tr><td>D\u00e9lka fale\u0161n\u00e9ho poplachu<\/td><td>D\u00e9lka impulsu na v\u00fdstupu Qf p\u0159i potvrzen\u00ed fale\u0161n\u00e9ho poplachu<\/td><\/tr><tr><td>Automatick\u00e9 potvrzen\u00ed poplachu<\/td><td>Po dokon\u010den\u00ed poplachu se syst\u00e9m zase automaticky zajist\u00ed, tzn. poplach m\u016f\u017ee b\u00fdt vyvol\u00e1n opakovan\u011b<\/td><\/tr><tr><td>Telefon hl\u00eddac\u00ed agentury<\/td><td>Telefonn\u00ed \u010d\u00edslo, kam bude zasl\u00e1na SMS p\u0159i vyvol\u00e1n\u00ed poplachu<\/td><\/tr><tr><td>Odeslat SMS opr\u00e1vn\u011bn\u00fdm<\/td><td>U\u017eivatel\u016fm, kte\u0159\u00ed maj\u00ed opr\u00e1vn\u011bn\u00ed na tento modul, p\u0159\u00edjde SMS p\u0159i vyvol\u00e1n\u00ed poplachu<\/td><\/tr><\/tbody><\/table><\/figure>\n\n\n\n<h4 class=\"wp-block-heading\">Vstupy<\/h4>\n\n\n\n<figure class=\"wp-block-table\"><table class=\"has-fixed-layout\"><tbody><tr><td><strong>Port<\/strong><\/td><td><strong>Funkce<\/strong><\/td><\/tr><tr><td>Zast\u0159e\u017eit\/odst\u0159e\u017eit (Tr)<\/td><td>Impuls zast\u0159e\u017e\u00ed nebo odst\u0159e\u017e\u00ed objekt<\/td><\/tr><tr><td>Zast\u0159e\u017eit\/odst\u0159e\u017eit \u010d\u00e1ste\u010dn\u011b (Trp)<\/td><td>Impuls \u010d\u00e1ste\u010dn\u011b zast\u0159e\u017e\u00ed nebo odst\u0159e\u017e\u00ed objekt<\/td><\/tr><tr><td>Zast\u0159e\u017eit v\u0161e (A)<\/td><td>Impuls zast\u0159e\u017e\u00ed v\u0161e<\/td><\/tr><tr><td>Zast\u0159e\u017eit \u010d\u00e1ste\u010dn\u011b (Ap)<\/td><td>Impuls \u010d\u00e1ste\u010dn\u011b zast\u0159e\u017e\u00ed<\/td><\/tr><tr><td>Zast\u0159e\u017eit v\u0161e ze zpo\u017ed\u011bn\u00edm (TA)<\/td><td>Impuls zast\u0159e\u017e\u00ed v\u0161e ze spo\u017ed\u011bn\u00edm<\/td><\/tr><tr><td>Zast\u0159e\u017eit \u010d\u00e1ste\u010dn\u011b ze spo\u017ed\u011bn\u00edm (TAp)<\/td><td>Impuls \u010d\u00e1st\u011b\u010dn\u011b zast\u0159e\u017e\u00ed v\u0161e ze spo\u017ed\u011bn\u00edm<\/td><\/tr><tr><td>Potvrzen\u00ed alarmu (Clr)<\/td><td>V p\u0159\u00edpad\u011b, \u017ee je vyvol\u00e1n poplach, tak impuls provede jeho deaktivaci a syst\u00e9m je d\u00e1le zast\u0159e\u017een<\/td><\/tr><tr><td>Deaktivace alarmu (R)<\/td><td>Impuls v\u0161e odst\u0159e\u017e\u00ed<\/td><\/tr><tr><td>Fale\u0161n\u00fd poplach (F)<\/td><td>Impuls deaktivuje poplach a aktivuje v\u00fdstup Qf<\/td><\/tr><tr><td>Servisn\u00ed re\u017eim (Tm)<\/td><td>Zap\u00edn\u00e1 servisn\u00ed re\u017eim EZS, pomoc\u00ed mobiln\u00ed aplikace lze n\u00e1sledn\u011b testovat funk\u010dnost p\u0159ipojen\u00fdch alarmov\u00fdch \u010didel<\/td><\/tr><tr><td>Blokace vizualizace (Dis)<\/td><td>Zakazuje ovl\u00e1d\u00e1n\u00ed z mobiln\u00ed aplikace<\/td><\/tr><tr><td>Vstup \u010didla (Ix)<\/td><td>Vstup pro p\u0159ipojen\u00ed poplachov\u00e9ho \u010didla<\/td><\/tr><\/tbody><\/table><\/figure>\n\n\n\n<h4 class=\"wp-block-heading\">V\u00fdstupy<\/h4>\n\n\n\n<figure class=\"wp-block-table\"><table class=\"has-fixed-layout\"><tbody><tr><td><strong>Port<\/strong><\/td><td><strong>Funkce<\/strong><\/td><\/tr><tr><td>Typ zaji\u0161t\u011bn\u00ed (QA)<\/td><td>Indikuje hodnotu zaji\u0161t\u011bn\u00ed<br>0 &#8211; Odji\u0161t\u011bno<br>1 &#8211; Zaji\u0161t\u011bno<br>2 &#8211; \u010c\u00e1ste\u010dn\u011b zaji\u0161t\u011bno<\/td><\/tr><tr><td>Naru\u0161en\u00ed objektu (Qs)<\/td><td>Objekt naru\u0161en, prob\u00edh\u00e1 p\u0159\u00edchodov\u00e9 zpo\u017ed\u011bn\u00ed<\/td><\/tr><tr><td>Poplachov\u00fd v\u00fdstup (Qax)<\/td><td>P\u0159i aktivaci poplachu a uplynut\u00ed \u010dasu TQax se tento vstup aktivuje na \u010das TQatx<\/td><\/tr><tr><td>Fale\u0161n\u00fd poplach (Qf)<\/td><td>Aktivuje se p\u0159i fale\u0161n\u00e9m poplachu na dobu TQf<\/td><\/tr><tr><td>Jm\u00e9no posledn\u00edho senzoru (TQa)<\/td><td>Textov\u00fd popis posledn\u00edho senzoru, kter\u00fd vyvolal poplach<\/td><\/tr><tr><td>\u010cas posledn\u00edho senzoru (TQt)<\/td><td>Datum a \u010das posledn\u00edho aktivovan\u00e9ho senzoru<\/td><\/tr><tr><td>Po\u010det aktivn\u00edch senzor\u016f (AQc)<\/td><td>Po\u010det aktivn\u00edch senzor\u016f p\u0159i poplachu<\/td><\/tr><\/tbody><\/table><\/figure>\n","protected":false},"excerpt":{"rendered":"<p>EZS &#8211; Elektronick\u00fd zabezpe\u010dovac\u00ed syst\u00e9m Objekt zaji\u0161\u0165uje funkci inteligentn\u00edho zabezpe\u010dovac\u00edho syst\u00e9mu. Objekt sice funguje jako plnohodnotn\u00fd zabezpe\u010dovac\u00ed syst\u00e9m, ale nen\u00ed certifikov\u00e1n jako EZS \u00fast\u0159edna !!! Parametry Parametr Hodnota Jm\u00e9no Jm\u00e9no objektu ve vizualizaci Nastaven\u00ed sensor\u016f Otev\u0159e formul\u00e1\u0159 s nastaven\u00edm senzor\u016f Odchodov\u00e9 zpo\u017ed\u011bn\u00ed Definuje \u010das ne\u017e bude objekt zaji\u0161t\u011bn odchodov\u00fdm zpo\u017ed\u011bn\u00edm P\u0159\u00edchodov\u00e9 zpo\u017ed\u011bn\u00ed Definuje za jak [&hellip;]<\/p>\n","protected":false},"author":6,"featured_media":0,"parent":365,"menu_order":0,"comment_status":"closed","ping_status":"closed","template":"","meta":{"_et_pb_use_builder":"off","_et_pb_old_content":"","_et_gb_content_width":"926","footnotes":""},"categories":[34],"tags":[],"class_list":["post-227","page","type-page","status-publish","hentry","category-navody-objekty-inteligence"],"yoast_head":"<!-- This site is optimized with the Yoast SEO plugin v27.2 - https:\/\/yoast.com\/product\/yoast-seo-wordpress\/ -->\n<title>EZS - Elektronick\u00fd zabezpe\u010dovac\u00ed syst\u00e9m - GshSystem<\/title>\n<meta name=\"robots\" content=\"noindex, follow, max-snippet:-1, max-image-preview:large, max-video-preview:-1\" \/>\n<meta property=\"og:locale\" content=\"cs_CZ\" \/>\n<meta property=\"og:type\" content=\"article\" \/>\n<meta property=\"og:title\" content=\"EZS - Elektronick\u00fd zabezpe\u010dovac\u00ed syst\u00e9m - GshSystem\" \/>\n<meta property=\"og:description\" content=\"EZS &#8211; Elektronick\u00fd zabezpe\u010dovac\u00ed syst\u00e9m Objekt zaji\u0161\u0165uje funkci inteligentn\u00edho zabezpe\u010dovac\u00edho syst\u00e9mu. Objekt sice funguje jako plnohodnotn\u00fd zabezpe\u010dovac\u00ed syst\u00e9m, ale nen\u00ed certifikov\u00e1n jako EZS \u00fast\u0159edna !!! Parametry Parametr Hodnota Jm\u00e9no Jm\u00e9no objektu ve vizualizaci Nastaven\u00ed sensor\u016f Otev\u0159e formul\u00e1\u0159 s nastaven\u00edm senzor\u016f Odchodov\u00e9 zpo\u017ed\u011bn\u00ed Definuje \u010das ne\u017e bude objekt zaji\u0161t\u011bn odchodov\u00fdm zpo\u017ed\u011bn\u00edm P\u0159\u00edchodov\u00e9 zpo\u017ed\u011bn\u00ed Definuje za jak [&hellip;]\" \/>\n<meta property=\"og:url\" content=\"https:\/\/www.gshsystem.com\/cs\/software\/designer-automatizace\/swblock\/help-obj-ezs\/\" \/>\n<meta property=\"og:site_name\" content=\"GshSystem\" \/>\n<meta property=\"article:modified_time\" content=\"2021-05-11T04:28:10+00:00\" \/>\n<meta property=\"og:image\" content=\"https:\/\/www.gshsystem.com\/wp-content\/uploads\/2020\/11\/ezs.png\" \/>\n<meta name=\"twitter:card\" content=\"summary_large_image\" \/>\n<meta name=\"twitter:label1\" content=\"Odhadovan\u00e1 doba \u010dten\u00ed\" \/>\n\t<meta name=\"twitter:data1\" content=\"2 minuty\" \/>\n<script type=\"application\/ld+json\" class=\"yoast-schema-graph\">{\"@context\":\"https:\/\/schema.org\",\"@graph\":[{\"@type\":\"WebPage\",\"@id\":\"https:\/\/www.gshsystem.com\/cs\/software\/designer-automatizace\/swblock\/help-obj-ezs\/\",\"url\":\"https:\/\/www.gshsystem.com\/cs\/software\/designer-automatizace\/swblock\/help-obj-ezs\/\",\"name\":\"EZS - Elektronick\u00fd zabezpe\u010dovac\u00ed syst\u00e9m - GshSystem\",\"isPartOf\":{\"@id\":\"https:\/\/www.gshsystem.com\/cs\/#website\"},\"primaryImageOfPage\":{\"@id\":\"https:\/\/www.gshsystem.com\/cs\/software\/designer-automatizace\/swblock\/help-obj-ezs\/#primaryimage\"},\"image\":{\"@id\":\"https:\/\/www.gshsystem.com\/cs\/software\/designer-automatizace\/swblock\/help-obj-ezs\/#primaryimage\"},\"thumbnailUrl\":\"https:\/\/www.gshsystem.com\/wp-content\/uploads\/2020\/11\/ezs.png\",\"datePublished\":\"2020-11-10T16:51:19+00:00\",\"dateModified\":\"2021-05-11T04:28:10+00:00\",\"breadcrumb\":{\"@id\":\"https:\/\/www.gshsystem.com\/cs\/software\/designer-automatizace\/swblock\/help-obj-ezs\/#breadcrumb\"},\"inLanguage\":\"cs\",\"potentialAction\":[{\"@type\":\"ReadAction\",\"target\":[\"https:\/\/www.gshsystem.com\/cs\/software\/designer-automatizace\/swblock\/help-obj-ezs\/\"]}]},{\"@type\":\"ImageObject\",\"inLanguage\":\"cs\",\"@id\":\"https:\/\/www.gshsystem.com\/cs\/software\/designer-automatizace\/swblock\/help-obj-ezs\/#primaryimage\",\"url\":\"https:\/\/www.gshsystem.com\/wp-content\/uploads\/2020\/11\/ezs.png\",\"contentUrl\":\"https:\/\/www.gshsystem.com\/wp-content\/uploads\/2020\/11\/ezs.png\"},{\"@type\":\"BreadcrumbList\",\"@id\":\"https:\/\/www.gshsystem.com\/cs\/software\/designer-automatizace\/swblock\/help-obj-ezs\/#breadcrumb\",\"itemListElement\":[{\"@type\":\"ListItem\",\"position\":1,\"name\":\"Software\",\"item\":\"https:\/\/www.gshsystem.com\/cs\/software\/\"},{\"@type\":\"ListItem\",\"position\":2,\"name\":\"Designer automatizace\",\"item\":\"https:\/\/www.gshsystem.com\/cs\/software\/designer-automatizace\/\"},{\"@type\":\"ListItem\",\"position\":3,\"name\":\"Softwarov\u00e9 bloky\",\"item\":\"https:\/\/www.gshsystem.com\/cs\/software\/designer-automatizace\/swblock\/\"},{\"@type\":\"ListItem\",\"position\":4,\"name\":\"EZS &#8211; Elektronick\u00fd zabezpe\u010dovac\u00ed syst\u00e9m\"}]},{\"@type\":\"WebSite\",\"@id\":\"https:\/\/www.gshsystem.com\/cs\/#website\",\"url\":\"https:\/\/www.gshsystem.com\/cs\/\",\"name\":\"GshSystem\",\"description\":\"\",\"potentialAction\":[{\"@type\":\"SearchAction\",\"target\":{\"@type\":\"EntryPoint\",\"urlTemplate\":\"https:\/\/www.gshsystem.com\/cs\/?s={search_term_string}\"},\"query-input\":{\"@type\":\"PropertyValueSpecification\",\"valueRequired\":true,\"valueName\":\"search_term_string\"}}],\"inLanguage\":\"cs\"}]}<\/script>\n<!-- \/ Yoast SEO plugin. -->","yoast_head_json":{"title":"EZS - Elektronick\u00fd zabezpe\u010dovac\u00ed syst\u00e9m - GshSystem","robots":{"index":"noindex","follow":"follow","max-snippet":"max-snippet:-1","max-image-preview":"max-image-preview:large","max-video-preview":"max-video-preview:-1"},"og_locale":"cs_CZ","og_type":"article","og_title":"EZS - Elektronick\u00fd zabezpe\u010dovac\u00ed syst\u00e9m - GshSystem","og_description":"EZS &#8211; Elektronick\u00fd zabezpe\u010dovac\u00ed syst\u00e9m Objekt zaji\u0161\u0165uje funkci inteligentn\u00edho zabezpe\u010dovac\u00edho syst\u00e9mu. Objekt sice funguje jako plnohodnotn\u00fd zabezpe\u010dovac\u00ed syst\u00e9m, ale nen\u00ed certifikov\u00e1n jako EZS \u00fast\u0159edna !!! Parametry Parametr Hodnota Jm\u00e9no Jm\u00e9no objektu ve vizualizaci Nastaven\u00ed sensor\u016f Otev\u0159e formul\u00e1\u0159 s nastaven\u00edm senzor\u016f Odchodov\u00e9 zpo\u017ed\u011bn\u00ed Definuje \u010das ne\u017e bude objekt zaji\u0161t\u011bn odchodov\u00fdm zpo\u017ed\u011bn\u00edm P\u0159\u00edchodov\u00e9 zpo\u017ed\u011bn\u00ed Definuje za jak [&hellip;]","og_url":"https:\/\/www.gshsystem.com\/cs\/software\/designer-automatizace\/swblock\/help-obj-ezs\/","og_site_name":"GshSystem","article_modified_time":"2021-05-11T04:28:10+00:00","og_image":[{"url":"https:\/\/www.gshsystem.com\/wp-content\/uploads\/2020\/11\/ezs.png","type":"","width":"","height":""}],"twitter_card":"summary_large_image","twitter_misc":{"Odhadovan\u00e1 doba \u010dten\u00ed":"2 minuty"},"schema":{"@context":"https:\/\/schema.org","@graph":[{"@type":"WebPage","@id":"https:\/\/www.gshsystem.com\/cs\/software\/designer-automatizace\/swblock\/help-obj-ezs\/","url":"https:\/\/www.gshsystem.com\/cs\/software\/designer-automatizace\/swblock\/help-obj-ezs\/","name":"EZS - Elektronick\u00fd zabezpe\u010dovac\u00ed syst\u00e9m - GshSystem","isPartOf":{"@id":"https:\/\/www.gshsystem.com\/cs\/#website"},"primaryImageOfPage":{"@id":"https:\/\/www.gshsystem.com\/cs\/software\/designer-automatizace\/swblock\/help-obj-ezs\/#primaryimage"},"image":{"@id":"https:\/\/www.gshsystem.com\/cs\/software\/designer-automatizace\/swblock\/help-obj-ezs\/#primaryimage"},"thumbnailUrl":"https:\/\/www.gshsystem.com\/wp-content\/uploads\/2020\/11\/ezs.png","datePublished":"2020-11-10T16:51:19+00:00","dateModified":"2021-05-11T04:28:10+00:00","breadcrumb":{"@id":"https:\/\/www.gshsystem.com\/cs\/software\/designer-automatizace\/swblock\/help-obj-ezs\/#breadcrumb"},"inLanguage":"cs","potentialAction":[{"@type":"ReadAction","target":["https:\/\/www.gshsystem.com\/cs\/software\/designer-automatizace\/swblock\/help-obj-ezs\/"]}]},{"@type":"ImageObject","inLanguage":"cs","@id":"https:\/\/www.gshsystem.com\/cs\/software\/designer-automatizace\/swblock\/help-obj-ezs\/#primaryimage","url":"https:\/\/www.gshsystem.com\/wp-content\/uploads\/2020\/11\/ezs.png","contentUrl":"https:\/\/www.gshsystem.com\/wp-content\/uploads\/2020\/11\/ezs.png"},{"@type":"BreadcrumbList","@id":"https:\/\/www.gshsystem.com\/cs\/software\/designer-automatizace\/swblock\/help-obj-ezs\/#breadcrumb","itemListElement":[{"@type":"ListItem","position":1,"name":"Software","item":"https:\/\/www.gshsystem.com\/cs\/software\/"},{"@type":"ListItem","position":2,"name":"Designer automatizace","item":"https:\/\/www.gshsystem.com\/cs\/software\/designer-automatizace\/"},{"@type":"ListItem","position":3,"name":"Softwarov\u00e9 bloky","item":"https:\/\/www.gshsystem.com\/cs\/software\/designer-automatizace\/swblock\/"},{"@type":"ListItem","position":4,"name":"EZS &#8211; Elektronick\u00fd zabezpe\u010dovac\u00ed syst\u00e9m"}]},{"@type":"WebSite","@id":"https:\/\/www.gshsystem.com\/cs\/#website","url":"https:\/\/www.gshsystem.com\/cs\/","name":"GshSystem","description":"","potentialAction":[{"@type":"SearchAction","target":{"@type":"EntryPoint","urlTemplate":"https:\/\/www.gshsystem.com\/cs\/?s={search_term_string}"},"query-input":{"@type":"PropertyValueSpecification","valueRequired":true,"valueName":"search_term_string"}}],"inLanguage":"cs"}]}},"_links":{"self":[{"href":"https:\/\/www.gshsystem.com\/cs\/wp-json\/wp\/v2\/pages\/227","targetHints":{"allow":["GET"]}}],"collection":[{"href":"https:\/\/www.gshsystem.com\/cs\/wp-json\/wp\/v2\/pages"}],"about":[{"href":"https:\/\/www.gshsystem.com\/cs\/wp-json\/wp\/v2\/types\/page"}],"author":[{"embeddable":true,"href":"https:\/\/www.gshsystem.com\/cs\/wp-json\/wp\/v2\/users\/6"}],"replies":[{"embeddable":true,"href":"https:\/\/www.gshsystem.com\/cs\/wp-json\/wp\/v2\/comments?post=227"}],"version-history":[{"count":0,"href":"https:\/\/www.gshsystem.com\/cs\/wp-json\/wp\/v2\/pages\/227\/revisions"}],"up":[{"embeddable":true,"href":"https:\/\/www.gshsystem.com\/cs\/wp-json\/wp\/v2\/pages\/365"}],"wp:attachment":[{"href":"https:\/\/www.gshsystem.com\/cs\/wp-json\/wp\/v2\/media?parent=227"}],"wp:term":[{"taxonomy":"category","embeddable":true,"href":"https:\/\/www.gshsystem.com\/cs\/wp-json\/wp\/v2\/categories?post=227"},{"taxonomy":"post_tag","embeddable":true,"href":"https:\/\/www.gshsystem.com\/cs\/wp-json\/wp\/v2\/tags?post=227"}],"curies":[{"name":"wp","href":"https:\/\/api.w.org\/{rel}","templated":true}]}}