{"id":271,"date":"2021-02-11T17:13:09","date_gmt":"2021-02-11T16:13:09","guid":{"rendered":"https:\/\/www.gshsystem.com\/?page_id=271"},"modified":"2022-02-17T11:13:30","modified_gmt":"2022-02-17T10:13:30","slug":"seznameni","status":"publish","type":"page","link":"https:\/\/www.gshsystem.com\/cs\/seznameni\/","title":{"rendered":"Sezn\u00e1men\u00ed"},"content":{"rendered":"<h4>Sezn\u00e1men\u00ed<\/h4>\nSyst\u00e9m je slo\u017een ze dvou z\u00e1kladn\u00edch softwarov\u00fdch kamen\u016f, prvn\u00ed je <strong>Design\u00e9r<\/strong>, kter\u00fd slou\u017e\u00ed k programov\u00e1n\u00ed cel\u00e9ho syst\u00e9mu pomoc\u00ed grafick\u00e9ho rozhran\u00ed nebo za pomoci objektov\u00e9ho programovac\u00edho jazyka, druh\u00fd je <strong>Core<\/strong>, ten zaji\u0161\u0165uje zpracov\u00e1n\u00ed ve\u0161ker\u00e9 logiky programu a komunikaci s okoln\u00edm prost\u0159ed\u00edm v\u010detn\u011b webov\u00e9ho rozhran\u00ed. Core je prim\u00e1rn\u011b navr\u017een tak, aby fungoval v hlavn\u00ed \u0159\u00edd\u00edc\u00ed jednotce <strong>GSH Core<\/strong>, kter\u00e1 ji\u017e v z\u00e1kladu obsahuje \u0159adu sb\u011brnic a periferi\u00ed. Core lze provozovat i bez \u0159\u00edd\u00edc\u00ed jednotky a to na syst\u00e9mech <strong>Windows, Linux x86 i ARM (Raspberry)<\/strong>. V p\u0159\u00edpad\u011b, \u017ee nen\u00ed provozov\u00e1n p\u0159\u00edmo na hlavn\u00ed jednotce, tak je konektivita zaji\u0161t\u011bna pomoc\u00ed HW port\u016f dan\u00e9ho syst\u00e9mu, jako nap\u0159\u00edklad s\u00e9riov\u00e9 porty, ethernet, Usb2Can nebo Ethernet2Can p\u0159evodn\u00edk. Hlavn\u00ed perif\u00e9rie syst\u00e9mu komunikuj\u00ed p\u0159es sb\u011brnici <strong>CAN FD<\/strong>, v syst\u00e9mech Windows se na ni lze p\u0159ipojit pomoc\u00ed Usb2Can p\u0159evodn\u00edku nebo Ethernet2Can p\u0159evodn\u00edku, v syst\u00e9mu Linux lze vyu\u017e\u00edt nativn\u00ed p\u0159\u00edstup ke CAN sb\u011brnici pomoc\u00ed SocketCAN.\n<h3><\/h3>\n<h4>Ostatn\u00ed mo\u017enosti komunikace s jin\u00fdm syst\u00e9mem<\/h4>\n<!-- \/wp:post-content --> <!-- wp:paragraph -->\n<ul>\n \t<li>WWW rozhran\u00ed<\/li>\n \t<li>Mobiln\u00ed klient<\/li>\n \t<li><a href=\"https:\/\/www.gshsystem.com\/tcp-udp-serial-client\/\">S\u00e9riov\u00e9 linky RS232<\/a><\/li>\n \t<li><a href=\"https:\/\/www.gshsystem.com\/tcp-udp-serial-client\/\">S\u00e9riov\u00e9 linky RS485<\/a><\/li>\n \t<li><a href=\"https:\/\/www.gshsystem.com\/tcp-server\/\">TCP server<\/a><\/li>\n \t<li><a href=\"https:\/\/www.gshsystem.com\/tcp-udp-serial-client\/\">TCP klient<\/a><\/li>\n \t<li><a href=\"https:\/\/www.gshsystem.com\/udp-server\/\">UDP server<\/a><\/li>\n \t<li><a href=\"https:\/\/www.gshsystem.com\/tcp-udp-serial-client\/\">UDP klient<\/a><\/li>\n \t<li><a href=\"https:\/\/www.gshsystem.com\/http\/\">HTTP klient<\/a><\/li>\n \t<li><a href=\"https:\/\/www.gshsystem.com\/modbus\/\">ModBus RTU<\/a><\/li>\n \t<li><a href=\"https:\/\/www.gshsystem.com\/mqtt\/\">MQTT klient<\/a><\/li>\n \t<li><a href=\"https:\/\/www.gshsystem.com\/snmp\/\">SNMP klient<\/a><\/li>\n \t<li><a href=\"https:\/\/www.gshsystem.com\/wakeonlan\/\">WakeOnLan<\/a><\/li>\n<\/ul>\n<!-- \/wp:paragraph --> <!-- wp:paragraph -->\n\nV p\u0159\u00edpad\u011b, \u017ee pot\u0159ebujete implementovat n\u011bjak\u00fd standart, kter\u00fd zat\u00edm nen\u00ed v syst\u00e9mu obsa\u017een, nev\u00e1hejte n\u00e1s kontaktovat, pokud se jedn\u00e1 o ve\u0159ejn\u00fd standart, implementace prob\u011bhne bezplatn\u011b v r\u00e1mci roz\u0161\u00ed\u0159en\u00ed syst\u00e9mu.\n<h4><\/h4>\n<h4><a href=\"https:\/\/www.gshsystem.com\/rpi-core-v1\/\">HW jednotka <strong>GSH CORE<\/strong><\/a> v z\u00e1kladn\u00ed sestav\u011b obsahuje:<\/h4>\n<!-- \/wp:paragraph --> <!-- wp:paragraph -->\n<ul>\n \t<li>10 x Digit\u00e1ln\u00ed vstup 24V<\/li>\n \t<li>8 x Releov\u00fd v\u00fdstup<\/li>\n \t<li>1 x 1Wire sb\u011brnici pro p\u0159ipojen\u00ed \u010didel (lze roz\u0161\u00ed\u0159it vyu\u017eit\u00edm roz\u0161i\u0159uj\u00edc\u00edch jednotek)<\/li>\n \t<li>1 x RS232 sb\u011brnici (s\u00e9riov\u00e9 sb\u011brnice lze jednodu\u0161e roz\u0161\u00ed\u0159it pomoc\u00ed Serial2Ethernet p\u0159evodn\u00edk\u016f)<\/li>\n \t<li>1 x RS485 sb\u011brnici (s\u00e9riov\u00e9 sb\u011brnice lze jednodu\u0161e roz\u0161\u00ed\u0159it pomoc\u00ed Serial2Ethernet p\u0159evodn\u00edk\u016f)<\/li>\n \t<li>2 x CAN sb\u011brnici (lze roz\u0161\u00ed\u0159it pomoc\u00ed Usb2CAN nebo Ethernet2CAN)<\/li>\n \t<li>1 x Ethernet<\/li>\n \t<li>2 x USB pro p\u0159ipojen\u00ed dal\u0161\u00edch perif\u00e9ri\u00ed<\/li>\n \t<li>Voliteln\u011b lze jednotku osadit GSM modulem, kter\u00fd zaji\u0161tuje zpracov\u00e1n\u00ed SMS zpr\u00e1v, hlasov\u00e9 vol\u00e1n\u00ed s obsluhou DTMF k\u00f3d\u016f a p\u0159ed\u00e1v\u00e1n\u00ed hlasov\u00fdch zpr\u00e1v<\/li>\n<\/ul>\n<!-- \/wp:paragraph --> <!-- wp:paragraph -->\n<h4>Jako roz\u0161i\u0159uj\u00edc\u00ed moduly lze vyu\u017e\u00edt nap\u0159\u00edklad:<\/h4>\n<ul>\n \t<li><a href=\"https:\/\/www.gshsystem.com\/gsh-unify\/\"><strong>GSH Unify<\/strong><\/a> &#8211; 18 x Digit\u00e1ln\u00ed vstup 24V, 1Wire sb\u011brnice, 12 x Releov\u00e9 v\u00fdstupy<\/li>\n \t<li><a href=\"https:\/\/www.gshsystem.com\/gsh-di\/\"><strong>GSH DI<\/strong><\/a> &#8211; 24 x Digit\u00e1ln\u00ed vstup, 1Wire sb\u011brnice<\/li>\n \t<li><a href=\"https:\/\/www.gshsystem.com\/gsh-relay\/\"><strong>GSH Relay<\/strong><\/a> &#8211; 22 x Releov\u00fd v\u00fdstup<\/li>\n \t<li><a href=\"https:\/\/www.gshsystem.com\/gsh-aio\/\"><strong>GSH AIO<\/strong><\/a> &#8211; 4 x Analogov\u00fd vstupy 0-10V, 4 x Analogov\u00fd v\u00fdstup 0-10V<\/li>\n \t<li><a href=\"https:\/\/www.gshsystem.com\/gsh-ai\/\"><strong>GSH AI<\/strong><\/a> &#8211; 24 x Analogov\u00fd vstup 0-10V<\/li>\n \t<li><a href=\"https:\/\/www.gshsystem.com\/gsh-dimmer\/\"><strong>GSH Dimmer<\/strong><\/a> &#8211; 8 x Digit\u00e1ln\u00ed vstup, 8 x Triakov\u00e1 regulace osv\u011btlen\u00ed<\/li>\n \t<li><a href=\"https:\/\/www.gshsystem.com\/gsh-wallbox\/\"><strong>GSH WallBox<\/strong><\/a> &#8211; Mal\u00e1 jednotka do instala\u010dn\u00ed krabice nebo do st\u00edsn\u011bn\u00fdch prostor, 2\/4 x Digit\u00e1ln\u00ed vstup, 2\/4 x Releov\u00fd v\u00fdstup, 1Wire sb\u011brnice<\/li>\n \t<li><a href=\"https:\/\/www.gshsystem.com\/gsh-rf-gate\/\"><strong>GSH RF Gate<\/strong><\/a> &#8211; Br\u00e1na pro obsluhu bezdr\u00e1tov\u00fdch periferi\u00ed na platform\u011b Lora pro dosa\u017een\u00ed dlouh\u00e9 vzd\u00e1lenosti<\/li>\n<\/ul>\n<!-- \/wp:paragraph --> <!-- wp:paragraph -->\n\nNem\u016f\u017eete si vybrat z dostupn\u00fdch modul\u016f ? Na dal\u0161\u00edch modulech se intenzivn\u011b pracuje, nev\u00e1hejte n\u00e1s kontaktovat.<!-- \/wp:paragraph -->","protected":false},"excerpt":{"rendered":"<p>Sezn\u00e1men\u00ed Syst\u00e9m je slo\u017een ze dvou z\u00e1kladn\u00edch softwarov\u00fdch kamen\u016f, prvn\u00ed je Design\u00e9r, kter\u00fd slou\u017e\u00ed k programov\u00e1n\u00ed cel\u00e9ho syst\u00e9mu pomoc\u00ed grafick\u00e9ho rozhran\u00ed nebo za pomoci objektov\u00e9ho programovac\u00edho jazyka, druh\u00fd je Core, ten zaji\u0161\u0165uje zpracov\u00e1n\u00ed ve\u0161ker\u00e9 logiky programu a komunikaci s okoln\u00edm prost\u0159ed\u00edm v\u010detn\u011b webov\u00e9ho rozhran\u00ed. Core je prim\u00e1rn\u011b navr\u017een tak, aby fungoval v hlavn\u00ed \u0159\u00edd\u00edc\u00ed jednotce [&hellip;]<\/p>\n","protected":false},"author":6,"featured_media":0,"parent":0,"menu_order":0,"comment_status":"closed","ping_status":"closed","template":"","meta":{"_et_pb_use_builder":"off","_et_pb_old_content":"<h4>Sezn\u00e1men\u00ed<\/h4>\nSyst\u00e9m je slo\u017een ze dvou z\u00e1kladn\u00edch softwarov\u00fdch kamen\u016f, prvn\u00ed je <strong>Design\u00e9r<\/strong>, kter\u00fd slou\u017e\u00ed k programov\u00e1n\u00ed cel\u00e9ho syst\u00e9mu pomoc\u00ed grafick\u00e9ho rozhran\u00ed nebo za pomoci objektov\u00e9ho programovac\u00edho jazyka, druh\u00fd je <strong>Core<\/strong>, ten zaji\u0161\u0165uje zpracov\u00e1n\u00ed ve\u0161ker\u00e9 logiky programu a komunikaci s okoln\u00edm prost\u0159ed\u00edm v\u010detn\u011b webov\u00e9ho rozhran\u00ed. Core je prim\u00e1rn\u011b navr\u017een tak, aby fungoval v hlavn\u00ed \u0159\u00edd\u00edc\u00ed jednotce <strong>GSH Core<\/strong>, kter\u00e1 ji\u017e v z\u00e1kladu obsahuje \u0159adu sb\u011brnic a periferi\u00ed. Core lze provozovat i bez \u0159\u00edd\u00edc\u00ed jednotky a to na syst\u00e9mech <strong>Windows, Linux x86 i ARM (Raspberry)<\/strong>. V p\u0159\u00edpad\u011b, \u017ee nen\u00ed provozov\u00e1n p\u0159\u00edmo na hlavn\u00ed jednotce, tak je konektivita zaji\u0161t\u011bna pomoc\u00ed HW port\u016f dan\u00e9ho syst\u00e9mu, jako nap\u0159\u00edklad s\u00e9riov\u00e9 porty, ethernet, Usb2Can nebo Ethernet2Can p\u0159evodn\u00edk. Hlavn\u00ed perif\u00e9rie syst\u00e9mu komunikuj\u00ed p\u0159es sb\u011brnici <strong>CAN FD<\/strong>, v syst\u00e9mech Windows se na ni lze p\u0159ipojit pomoc\u00ed Usb2Can p\u0159evodn\u00edku nebo Ethernet2Can p\u0159evodn\u00edku, v syst\u00e9mu Linux lze vyu\u017e\u00edt nativn\u00ed p\u0159\u00edstup ke CAN sb\u011brnici pomoc\u00ed SocketCAN.\n<h3><\/h3>\n<h4>Ostatn\u00ed mo\u017enosti komunikace s jin\u00fdm syst\u00e9mem<\/h4>\n<!-- \/wp:paragraph --> <!-- wp:paragraph -->\n<ul>\n \t<li>WWW rozhran\u00ed<\/li>\n \t<li>Mobiln\u00ed klient<\/li>\n \t<li><a href=\"https:\/\/www.gshsystem.com\/tcp-udp-serial-client\/\">S\u00e9riov\u00e9 linky RS232<\/a><\/li>\n \t<li><a href=\"https:\/\/www.gshsystem.com\/tcp-udp-serial-client\/\">S\u00e9riov\u00e9 linky RS485<\/a><\/li>\n \t<li><a href=\"https:\/\/www.gshsystem.com\/tcp-server\/\">TCP server<\/a><\/li>\n \t<li><a href=\"https:\/\/www.gshsystem.com\/tcp-udp-serial-client\/\">TCP klient<\/a><\/li>\n \t<li><a href=\"https:\/\/www.gshsystem.com\/udp-server\/\">UDP server<\/a><\/li>\n \t<li><a href=\"https:\/\/www.gshsystem.com\/tcp-udp-serial-client\/\">UDP klient<\/a><\/li>\n \t<li><a href=\"https:\/\/www.gshsystem.com\/http\/\">HTTP klient<\/a><\/li>\n \t<li><a href=\"https:\/\/www.gshsystem.com\/modbus\/\">ModBus RTU<\/a><\/li>\n \t<li><a href=\"https:\/\/www.gshsystem.com\/mqtt\/\">MQTT klient<\/a><\/li>\n \t<li><a href=\"https:\/\/www.gshsystem.com\/snmp\/\">SNMP klient<\/a><\/li>\n \t<li><a href=\"https:\/\/www.gshsystem.com\/wakeonlan\/\">WakeOnLan<\/a><\/li>\n<\/ul>\n<!-- \/wp:paragraph --> <!-- wp:paragraph -->\n\nV p\u0159\u00edpad\u011b, \u017ee pot\u0159ebujete implementovat n\u011bjak\u00fd standart, kter\u00fd zat\u00edm nen\u00ed v syst\u00e9mu obsa\u017een, nev\u00e1hejte n\u00e1s kontaktovat, pokud se jedn\u00e1 o ve\u0159ejn\u00fd standart, implementace prob\u011bhne bezplatn\u011b v r\u00e1mci roz\u0161\u00ed\u0159en\u00ed syst\u00e9mu.\n<h4><\/h4>\n<h4><a href=\"https:\/\/www.gshsystem.com\/rpi-core-v1\/\">HW jednotka <strong>GSH CORE<\/strong><\/a> v z\u00e1kladn\u00ed sestav\u011b obsahuje:<\/h4>\n<!-- \/wp:paragraph --> <!-- wp:paragraph -->\n<ul>\n \t<li>10 x Digit\u00e1ln\u00ed vstup 24V<\/li>\n \t<li>8 x Releov\u00fd v\u00fdstup<\/li>\n \t<li>1 x 1Wire sb\u011brnici pro p\u0159ipojen\u00ed \u010didel (lze roz\u0161\u00ed\u0159it vyu\u017eit\u00edm roz\u0161i\u0159uj\u00edc\u00edch jednotek)<\/li>\n \t<li>1 x RS232 sb\u011brnici (s\u00e9riov\u00e9 sb\u011brnice lze jednodu\u0161e roz\u0161\u00ed\u0159it pomoc\u00ed Serial2Ethernet p\u0159evodn\u00edk\u016f)<\/li>\n \t<li>1 x RS485 sb\u011brnici (s\u00e9riov\u00e9 sb\u011brnice lze jednodu\u0161e roz\u0161\u00ed\u0159it pomoc\u00ed Serial2Ethernet p\u0159evodn\u00edk\u016f)<\/li>\n \t<li>2 x CAN sb\u011brnici (lze roz\u0161\u00ed\u0159it pomoc\u00ed Usb2CAN nebo Ethernet2CAN)<\/li>\n \t<li>1 x Ethernet<\/li>\n \t<li>2 x USB pro p\u0159ipojen\u00ed dal\u0161\u00edch perif\u00e9ri\u00ed<\/li>\n \t<li>Voliteln\u011b lze jednotku osadit GSM modulem, kter\u00fd zaji\u0161tuje zpracov\u00e1n\u00ed SMS zpr\u00e1v, hlasov\u00e9 vol\u00e1n\u00ed s obsluhou DTMF k\u00f3d\u016f a p\u0159ed\u00e1v\u00e1n\u00ed hlasov\u00fdch zpr\u00e1v<\/li>\n<\/ul>\n<!-- \/wp:paragraph --> <!-- wp:paragraph -->\n<h4>Jako roz\u0161i\u0159uj\u00edc\u00ed moduly lze vyu\u017e\u00edt nap\u0159\u00edklad:<\/h4>\n<ul>\n \t<li><a href=\"https:\/\/www.gshsystem.com\/gsh-unify\/\"><strong>GSH Unify<\/strong><\/a> - 18 x Digit\u00e1ln\u00ed vstup 24V, 1Wire sb\u011brnice, 12 x Releov\u00e9 v\u00fdstupy<\/li>\n \t<li><a href=\"https:\/\/www.gshsystem.com\/gsh-di\/\"><strong>GSH DI<\/strong><\/a> - 24 x Digit\u00e1ln\u00ed vstup, 1Wire sb\u011brnice<\/li>\n \t<li><a href=\"https:\/\/www.gshsystem.com\/gsh-relay\/\"><strong>GSH Relay<\/strong><\/a> - 22 x Releov\u00fd v\u00fdstup<\/li>\n \t<li><a href=\"https:\/\/www.gshsystem.com\/gsh-aio\/\"><strong>GSH AIO<\/strong><\/a> - 4 x Analogov\u00fd vstupy 0-10V, 4 x Analogov\u00fd v\u00fdstup 0-10V<\/li>\n \t<li><a href=\"https:\/\/www.gshsystem.com\/gsh-ai\/\"><strong>GSH AI<\/strong><\/a> - 24 x Analogov\u00fd vstup 0-10V<\/li>\n \t<li><a href=\"https:\/\/www.gshsystem.com\/gsh-dimmer\/\"><strong>GSH Dimmer<\/strong><\/a> - 8 x Digit\u00e1ln\u00ed vstup, 8 x Triakov\u00e1 regulace osv\u011btlen\u00ed<\/li>\n \t<li><a href=\"https:\/\/www.gshsystem.com\/gsh-wallbox\/\"><strong>GSH WallBox<\/strong><\/a> - Mal\u00e1 jednotka do instala\u010dn\u00ed krabice nebo do st\u00edsn\u011bn\u00fdch prostor, 2\/4 x Digit\u00e1ln\u00ed vstup, 2\/4 x Releov\u00fd v\u00fdstup, 1Wire sb\u011brnice<\/li>\n \t<li><a href=\"https:\/\/www.gshsystem.com\/gsh-rf-gate\/\"><strong>GSH RF Gate<\/strong><\/a> - Br\u00e1na pro obsluhu bezdr\u00e1tov\u00fdch periferi\u00ed na platform\u011b Lora pro dosa\u017een\u00ed dlouh\u00e9 vzd\u00e1lenosti<\/li>\n<\/ul>\n<!-- \/wp:paragraph --> <!-- wp:paragraph -->\n\nNem\u016f\u017eete si vybrat z dostupn\u00fdch modul\u016f ? Na dal\u0161\u00edch modulech se intenzivn\u011b pracuje, nev\u00e1hejte n\u00e1s kontaktovat.<!-- \/wp:paragraph -->","_et_gb_content_width":"926","footnotes":""},"categories":[35],"tags":[],"class_list":["post-271","page","type-page","status-publish","hentry","category-navody"],"yoast_head":"<!-- This site is optimized with the Yoast SEO plugin v27.2 - https:\/\/yoast.com\/product\/yoast-seo-wordpress\/ -->\n<title>Sezn\u00e1men\u00ed - GshSystem<\/title>\n<meta name=\"robots\" content=\"noindex, follow, max-snippet:-1, max-image-preview:large, max-video-preview:-1\" \/>\n<meta property=\"og:locale\" content=\"cs_CZ\" \/>\n<meta property=\"og:type\" content=\"article\" \/>\n<meta property=\"og:title\" content=\"Sezn\u00e1men\u00ed - GshSystem\" \/>\n<meta property=\"og:description\" content=\"Sezn\u00e1men\u00ed Syst\u00e9m je slo\u017een ze dvou z\u00e1kladn\u00edch softwarov\u00fdch kamen\u016f, prvn\u00ed je Design\u00e9r, kter\u00fd slou\u017e\u00ed k programov\u00e1n\u00ed cel\u00e9ho syst\u00e9mu pomoc\u00ed grafick\u00e9ho rozhran\u00ed nebo za pomoci objektov\u00e9ho programovac\u00edho jazyka, druh\u00fd je Core, ten zaji\u0161\u0165uje zpracov\u00e1n\u00ed ve\u0161ker\u00e9 logiky programu a komunikaci s okoln\u00edm prost\u0159ed\u00edm v\u010detn\u011b webov\u00e9ho rozhran\u00ed. Core je prim\u00e1rn\u011b navr\u017een tak, aby fungoval v hlavn\u00ed \u0159\u00edd\u00edc\u00ed jednotce [&hellip;]\" \/>\n<meta property=\"og:url\" content=\"https:\/\/www.gshsystem.com\/cs\/seznameni\/\" \/>\n<meta property=\"og:site_name\" content=\"GshSystem\" \/>\n<meta property=\"article:modified_time\" content=\"2022-02-17T10:13:30+00:00\" \/>\n<meta name=\"twitter:card\" content=\"summary_large_image\" \/>\n<meta name=\"twitter:label1\" content=\"Odhadovan\u00e1 doba \u010dten\u00ed\" \/>\n\t<meta name=\"twitter:data1\" content=\"2 minuty\" \/>\n<script type=\"application\/ld+json\" class=\"yoast-schema-graph\">{\"@context\":\"https:\/\/schema.org\",\"@graph\":[{\"@type\":\"WebPage\",\"@id\":\"https:\/\/www.gshsystem.com\/cs\/seznameni\/\",\"url\":\"https:\/\/www.gshsystem.com\/cs\/seznameni\/\",\"name\":\"Sezn\u00e1men\u00ed - GshSystem\",\"isPartOf\":{\"@id\":\"https:\/\/www.gshsystem.com\/cs\/#website\"},\"datePublished\":\"2021-02-11T16:13:09+00:00\",\"dateModified\":\"2022-02-17T10:13:30+00:00\",\"inLanguage\":\"cs\",\"potentialAction\":[{\"@type\":\"ReadAction\",\"target\":[\"https:\/\/www.gshsystem.com\/cs\/seznameni\/\"]}]},{\"@type\":\"WebSite\",\"@id\":\"https:\/\/www.gshsystem.com\/cs\/#website\",\"url\":\"https:\/\/www.gshsystem.com\/cs\/\",\"name\":\"GshSystem\",\"description\":\"\",\"potentialAction\":[{\"@type\":\"SearchAction\",\"target\":{\"@type\":\"EntryPoint\",\"urlTemplate\":\"https:\/\/www.gshsystem.com\/cs\/?s={search_term_string}\"},\"query-input\":{\"@type\":\"PropertyValueSpecification\",\"valueRequired\":true,\"valueName\":\"search_term_string\"}}],\"inLanguage\":\"cs\"}]}<\/script>\n<!-- \/ Yoast SEO plugin. -->","yoast_head_json":{"title":"Sezn\u00e1men\u00ed - GshSystem","robots":{"index":"noindex","follow":"follow","max-snippet":"max-snippet:-1","max-image-preview":"max-image-preview:large","max-video-preview":"max-video-preview:-1"},"og_locale":"cs_CZ","og_type":"article","og_title":"Sezn\u00e1men\u00ed - GshSystem","og_description":"Sezn\u00e1men\u00ed Syst\u00e9m je slo\u017een ze dvou z\u00e1kladn\u00edch softwarov\u00fdch kamen\u016f, prvn\u00ed je Design\u00e9r, kter\u00fd slou\u017e\u00ed k programov\u00e1n\u00ed cel\u00e9ho syst\u00e9mu pomoc\u00ed grafick\u00e9ho rozhran\u00ed nebo za pomoci objektov\u00e9ho programovac\u00edho jazyka, druh\u00fd je Core, ten zaji\u0161\u0165uje zpracov\u00e1n\u00ed ve\u0161ker\u00e9 logiky programu a komunikaci s okoln\u00edm prost\u0159ed\u00edm v\u010detn\u011b webov\u00e9ho rozhran\u00ed. Core je prim\u00e1rn\u011b navr\u017een tak, aby fungoval v hlavn\u00ed \u0159\u00edd\u00edc\u00ed jednotce [&hellip;]","og_url":"https:\/\/www.gshsystem.com\/cs\/seznameni\/","og_site_name":"GshSystem","article_modified_time":"2022-02-17T10:13:30+00:00","twitter_card":"summary_large_image","twitter_misc":{"Odhadovan\u00e1 doba \u010dten\u00ed":"2 minuty"},"schema":{"@context":"https:\/\/schema.org","@graph":[{"@type":"WebPage","@id":"https:\/\/www.gshsystem.com\/cs\/seznameni\/","url":"https:\/\/www.gshsystem.com\/cs\/seznameni\/","name":"Sezn\u00e1men\u00ed - GshSystem","isPartOf":{"@id":"https:\/\/www.gshsystem.com\/cs\/#website"},"datePublished":"2021-02-11T16:13:09+00:00","dateModified":"2022-02-17T10:13:30+00:00","inLanguage":"cs","potentialAction":[{"@type":"ReadAction","target":["https:\/\/www.gshsystem.com\/cs\/seznameni\/"]}]},{"@type":"WebSite","@id":"https:\/\/www.gshsystem.com\/cs\/#website","url":"https:\/\/www.gshsystem.com\/cs\/","name":"GshSystem","description":"","potentialAction":[{"@type":"SearchAction","target":{"@type":"EntryPoint","urlTemplate":"https:\/\/www.gshsystem.com\/cs\/?s={search_term_string}"},"query-input":{"@type":"PropertyValueSpecification","valueRequired":true,"valueName":"search_term_string"}}],"inLanguage":"cs"}]}},"_links":{"self":[{"href":"https:\/\/www.gshsystem.com\/cs\/wp-json\/wp\/v2\/pages\/271","targetHints":{"allow":["GET"]}}],"collection":[{"href":"https:\/\/www.gshsystem.com\/cs\/wp-json\/wp\/v2\/pages"}],"about":[{"href":"https:\/\/www.gshsystem.com\/cs\/wp-json\/wp\/v2\/types\/page"}],"author":[{"embeddable":true,"href":"https:\/\/www.gshsystem.com\/cs\/wp-json\/wp\/v2\/users\/6"}],"replies":[{"embeddable":true,"href":"https:\/\/www.gshsystem.com\/cs\/wp-json\/wp\/v2\/comments?post=271"}],"version-history":[{"count":1,"href":"https:\/\/www.gshsystem.com\/cs\/wp-json\/wp\/v2\/pages\/271\/revisions"}],"predecessor-version":[{"id":2129,"href":"https:\/\/www.gshsystem.com\/cs\/wp-json\/wp\/v2\/pages\/271\/revisions\/2129"}],"wp:attachment":[{"href":"https:\/\/www.gshsystem.com\/cs\/wp-json\/wp\/v2\/media?parent=271"}],"wp:term":[{"taxonomy":"category","embeddable":true,"href":"https:\/\/www.gshsystem.com\/cs\/wp-json\/wp\/v2\/categories?post=271"},{"taxonomy":"post_tag","embeddable":true,"href":"https:\/\/www.gshsystem.com\/cs\/wp-json\/wp\/v2\/tags?post=271"}],"curies":[{"name":"wp","href":"https:\/\/api.w.org\/{rel}","templated":true}]}}