{"id":492,"date":"2021-04-14T21:04:21","date_gmt":"2021-04-14T19:04:21","guid":{"rendered":"https:\/\/www.gshsystem.com\/?page_id=492"},"modified":"2021-05-11T06:55:46","modified_gmt":"2021-05-11T04:55:46","slug":"gsh-dimmer","status":"publish","type":"page","link":"https:\/\/www.gshsystem.com\/cs\/software\/designer-automatizace\/interface\/gsh-dimmer\/","title":{"rendered":"GSH Dimmer"},"content":{"rendered":"\n<h3 class=\"wp-block-heading\">GSH Dimmer<\/h3>\n\n\n\n<p>Dimmer obsahuje 8 x digit\u00e1ln\u00ed vstup 24V, 8 x triakov\u00fd regul\u00e1tor.<\/p>\n\n\n\n<h4 class=\"wp-block-heading\">Parametry Hw<\/h4>\n\n\n\n<figure class=\"wp-block-table\"><table class=\"has-fixed-layout\"><tbody><tr><td><strong>Parametr<\/strong><\/td><td><strong>Hodnota<\/strong><\/td><\/tr><tr><td>Jm\u00e9no<\/td><td>Jm\u00e9no jednotky<\/td><\/tr><tr><td>Aktivn\u00ed<\/td><td>Aktivuje jednotku v syst\u00e9mu<\/td><\/tr><tr><td>Adresa<\/td><td>6 HEXa znak\u016f adresy jednotky, tuto adresu naleznete na \u010deln\u00edm panelu za\u0159\u00edzen\u00ed<\/td><\/tr><tr><td>Pozn\u00e1mka<\/td><td>Vlastn\u00ed pozn\u00e1mka<\/td><\/tr><\/tbody><\/table><\/figure>\n\n\n\n<h4 class=\"wp-block-heading\">Vstupn\u00ed porty<\/h4>\n\n\n\n<figure class=\"wp-block-table\"><table class=\"has-fixed-layout\"><tbody><tr><td><strong>Parametr<\/strong><\/td><td><strong>Hodnota<\/strong><\/td><\/tr><tr><td>Jm\u00e9no<\/td><td>Jm\u00e9no portu<\/td><\/tr><tr><td>Typ<\/td><td>Definuje vlastnost vstupn\u00edho portu:<br><br>DI &#8211; Standartn\u00ed digit\u00e1ln\u00ed vstup<br>Freq &#8211; Vstup slou\u017e\u00ed pro m\u011b\u0159en\u00ed frekvence<br>Counter &#8211; Vstup slou\u017e\u00ed pro po\u0159\u00edt\u00e1n\u00ed impuls\u016f<\/td><\/tr><tr><td>TO zm\u011bny<\/td><td>Minim\u00e1ln\u00ed \u010das [ms] pro detekov\u00e1n\u00ed zm\u011bny logick\u00e9 \u00farovn\u011b na vstupu<\/td><\/tr><tr><td>Freq\/\u010cas<\/td><td>Pokud je vstup nastaven jako FREQ, tak tento \u00fadaj definuje jak je dlouh\u00fd interval vzorkov\u00e1n\u00ed frekvence.<br><br>Pokud je vstup nastaven na COUNTER, tak tento \u00fadaj definuje jak dlouho se \u010dek\u00e1 na dal\u0161\u00ed vstupn\u00ed impuls ne\u017e je m\u011b\u0159en\u00ed ukon\u010deno.<br><br>Hodnota se ud\u00e1v\u00e1 v [ms]<\/td><\/tr><tr><td>D\u00e9lka impulsu<\/td><td>D\u00e9lka v\u00fdstupn\u00ed hodnoty pro typ Counter, ne\u017e se hodnota zm\u011bn\u00ed na 0.<\/td><\/tr><tr><td>Pozn\u00e1mka<\/td><td>Vlastn\u00ed pozn\u00e1mka<\/td><\/tr><\/tbody><\/table><\/figure>\n\n\n\n<h4 class=\"wp-block-heading\">V\u00fdstupn\u00ed porty<\/h4>\n\n\n\n<figure class=\"wp-block-table\"><table class=\"has-fixed-layout\"><tbody><tr><td><strong>Parametr<\/strong><\/td><td><strong>Hodnota<\/strong><\/td><\/tr><tr><td>Jm\u00e9no<\/td><td>Jm\u00e9no portu<\/td><\/tr><tr><td>Pozn\u00e1mka<\/td><td>Vlastn\u00ed pozn\u00e1mka<\/td><\/tr><\/tbody><\/table><\/figure>\n","protected":false},"excerpt":{"rendered":"<p>GSH Dimmer Dimmer obsahuje 8 x digit\u00e1ln\u00ed vstup 24V, 8 x triakov\u00fd regul\u00e1tor. Parametry Hw Parametr Hodnota Jm\u00e9no Jm\u00e9no jednotky Aktivn\u00ed Aktivuje jednotku v syst\u00e9mu Adresa 6 HEXa znak\u016f adresy jednotky, tuto adresu naleznete na \u010deln\u00edm panelu za\u0159\u00edzen\u00ed Pozn\u00e1mka Vlastn\u00ed pozn\u00e1mka Vstupn\u00ed porty Parametr Hodnota Jm\u00e9no Jm\u00e9no portu Typ Definuje vlastnost vstupn\u00edho portu: DI &#8211; [&hellip;]<\/p>\n","protected":false},"author":6,"featured_media":0,"parent":367,"menu_order":0,"comment_status":"closed","ping_status":"closed","template":"","meta":{"_et_pb_use_builder":"off","_et_pb_old_content":"","_et_gb_content_width":"926","footnotes":""},"categories":[48],"tags":[],"class_list":["post-492","page","type-page","status-publish","hentry","category-gsh"],"yoast_head":"<!-- This site is optimized with the Yoast SEO plugin v27.2 - https:\/\/yoast.com\/product\/yoast-seo-wordpress\/ -->\n<title>GSH Dimmer - GshSystem<\/title>\n<meta name=\"robots\" content=\"noindex, follow, max-snippet:-1, max-image-preview:large, max-video-preview:-1\" \/>\n<meta property=\"og:locale\" content=\"cs_CZ\" \/>\n<meta property=\"og:type\" content=\"article\" \/>\n<meta property=\"og:title\" content=\"GSH Dimmer - GshSystem\" \/>\n<meta property=\"og:description\" content=\"GSH Dimmer Dimmer obsahuje 8 x digit\u00e1ln\u00ed vstup 24V, 8 x triakov\u00fd regul\u00e1tor. Parametry Hw Parametr Hodnota Jm\u00e9no Jm\u00e9no jednotky Aktivn\u00ed Aktivuje jednotku v syst\u00e9mu Adresa 6 HEXa znak\u016f adresy jednotky, tuto adresu naleznete na \u010deln\u00edm panelu za\u0159\u00edzen\u00ed Pozn\u00e1mka Vlastn\u00ed pozn\u00e1mka Vstupn\u00ed porty Parametr Hodnota Jm\u00e9no Jm\u00e9no portu Typ Definuje vlastnost vstupn\u00edho portu: DI &#8211; [&hellip;]\" \/>\n<meta property=\"og:url\" content=\"https:\/\/www.gshsystem.com\/cs\/software\/designer-automatizace\/interface\/gsh-dimmer\/\" \/>\n<meta property=\"og:site_name\" content=\"GshSystem\" \/>\n<meta property=\"article:modified_time\" content=\"2021-05-11T04:55:46+00:00\" \/>\n<meta name=\"twitter:card\" content=\"summary_large_image\" \/>\n<meta name=\"twitter:label1\" content=\"Odhadovan\u00e1 doba \u010dten\u00ed\" \/>\n\t<meta name=\"twitter:data1\" content=\"1 minuta\" \/>\n<script type=\"application\/ld+json\" class=\"yoast-schema-graph\">{\"@context\":\"https:\/\/schema.org\",\"@graph\":[{\"@type\":\"WebPage\",\"@id\":\"https:\/\/www.gshsystem.com\/cs\/software\/designer-automatizace\/interface\/gsh-dimmer\/\",\"url\":\"https:\/\/www.gshsystem.com\/cs\/software\/designer-automatizace\/interface\/gsh-dimmer\/\",\"name\":\"GSH Dimmer - GshSystem\",\"isPartOf\":{\"@id\":\"https:\/\/www.gshsystem.com\/cs\/#website\"},\"datePublished\":\"2021-04-14T19:04:21+00:00\",\"dateModified\":\"2021-05-11T04:55:46+00:00\",\"breadcrumb\":{\"@id\":\"https:\/\/www.gshsystem.com\/cs\/software\/designer-automatizace\/interface\/gsh-dimmer\/#breadcrumb\"},\"inLanguage\":\"cs\",\"potentialAction\":[{\"@type\":\"ReadAction\",\"target\":[\"https:\/\/www.gshsystem.com\/cs\/software\/designer-automatizace\/interface\/gsh-dimmer\/\"]}]},{\"@type\":\"BreadcrumbList\",\"@id\":\"https:\/\/www.gshsystem.com\/cs\/software\/designer-automatizace\/interface\/gsh-dimmer\/#breadcrumb\",\"itemListElement\":[{\"@type\":\"ListItem\",\"position\":1,\"name\":\"Software\",\"item\":\"https:\/\/www.gshsystem.com\/cs\/software\/\"},{\"@type\":\"ListItem\",\"position\":2,\"name\":\"Designer automatizace\",\"item\":\"https:\/\/www.gshsystem.com\/cs\/software\/designer-automatizace\/\"},{\"@type\":\"ListItem\",\"position\":3,\"name\":\"Interface\",\"item\":\"https:\/\/www.gshsystem.com\/cs\/software\/designer-automatizace\/interface\/\"},{\"@type\":\"ListItem\",\"position\":4,\"name\":\"GSH Dimmer\"}]},{\"@type\":\"WebSite\",\"@id\":\"https:\/\/www.gshsystem.com\/cs\/#website\",\"url\":\"https:\/\/www.gshsystem.com\/cs\/\",\"name\":\"GshSystem\",\"description\":\"\",\"potentialAction\":[{\"@type\":\"SearchAction\",\"target\":{\"@type\":\"EntryPoint\",\"urlTemplate\":\"https:\/\/www.gshsystem.com\/cs\/?s={search_term_string}\"},\"query-input\":{\"@type\":\"PropertyValueSpecification\",\"valueRequired\":true,\"valueName\":\"search_term_string\"}}],\"inLanguage\":\"cs\"}]}<\/script>\n<!-- \/ Yoast SEO plugin. -->","yoast_head_json":{"title":"GSH Dimmer - GshSystem","robots":{"index":"noindex","follow":"follow","max-snippet":"max-snippet:-1","max-image-preview":"max-image-preview:large","max-video-preview":"max-video-preview:-1"},"og_locale":"cs_CZ","og_type":"article","og_title":"GSH Dimmer - GshSystem","og_description":"GSH Dimmer Dimmer obsahuje 8 x digit\u00e1ln\u00ed vstup 24V, 8 x triakov\u00fd regul\u00e1tor. Parametry Hw Parametr Hodnota Jm\u00e9no Jm\u00e9no jednotky Aktivn\u00ed Aktivuje jednotku v syst\u00e9mu Adresa 6 HEXa znak\u016f adresy jednotky, tuto adresu naleznete na \u010deln\u00edm panelu za\u0159\u00edzen\u00ed Pozn\u00e1mka Vlastn\u00ed pozn\u00e1mka Vstupn\u00ed porty Parametr Hodnota Jm\u00e9no Jm\u00e9no portu Typ Definuje vlastnost vstupn\u00edho portu: DI &#8211; [&hellip;]","og_url":"https:\/\/www.gshsystem.com\/cs\/software\/designer-automatizace\/interface\/gsh-dimmer\/","og_site_name":"GshSystem","article_modified_time":"2021-05-11T04:55:46+00:00","twitter_card":"summary_large_image","twitter_misc":{"Odhadovan\u00e1 doba \u010dten\u00ed":"1 minuta"},"schema":{"@context":"https:\/\/schema.org","@graph":[{"@type":"WebPage","@id":"https:\/\/www.gshsystem.com\/cs\/software\/designer-automatizace\/interface\/gsh-dimmer\/","url":"https:\/\/www.gshsystem.com\/cs\/software\/designer-automatizace\/interface\/gsh-dimmer\/","name":"GSH Dimmer - GshSystem","isPartOf":{"@id":"https:\/\/www.gshsystem.com\/cs\/#website"},"datePublished":"2021-04-14T19:04:21+00:00","dateModified":"2021-05-11T04:55:46+00:00","breadcrumb":{"@id":"https:\/\/www.gshsystem.com\/cs\/software\/designer-automatizace\/interface\/gsh-dimmer\/#breadcrumb"},"inLanguage":"cs","potentialAction":[{"@type":"ReadAction","target":["https:\/\/www.gshsystem.com\/cs\/software\/designer-automatizace\/interface\/gsh-dimmer\/"]}]},{"@type":"BreadcrumbList","@id":"https:\/\/www.gshsystem.com\/cs\/software\/designer-automatizace\/interface\/gsh-dimmer\/#breadcrumb","itemListElement":[{"@type":"ListItem","position":1,"name":"Software","item":"https:\/\/www.gshsystem.com\/cs\/software\/"},{"@type":"ListItem","position":2,"name":"Designer automatizace","item":"https:\/\/www.gshsystem.com\/cs\/software\/designer-automatizace\/"},{"@type":"ListItem","position":3,"name":"Interface","item":"https:\/\/www.gshsystem.com\/cs\/software\/designer-automatizace\/interface\/"},{"@type":"ListItem","position":4,"name":"GSH Dimmer"}]},{"@type":"WebSite","@id":"https:\/\/www.gshsystem.com\/cs\/#website","url":"https:\/\/www.gshsystem.com\/cs\/","name":"GshSystem","description":"","potentialAction":[{"@type":"SearchAction","target":{"@type":"EntryPoint","urlTemplate":"https:\/\/www.gshsystem.com\/cs\/?s={search_term_string}"},"query-input":{"@type":"PropertyValueSpecification","valueRequired":true,"valueName":"search_term_string"}}],"inLanguage":"cs"}]}},"_links":{"self":[{"href":"https:\/\/www.gshsystem.com\/cs\/wp-json\/wp\/v2\/pages\/492","targetHints":{"allow":["GET"]}}],"collection":[{"href":"https:\/\/www.gshsystem.com\/cs\/wp-json\/wp\/v2\/pages"}],"about":[{"href":"https:\/\/www.gshsystem.com\/cs\/wp-json\/wp\/v2\/types\/page"}],"author":[{"embeddable":true,"href":"https:\/\/www.gshsystem.com\/cs\/wp-json\/wp\/v2\/users\/6"}],"replies":[{"embeddable":true,"href":"https:\/\/www.gshsystem.com\/cs\/wp-json\/wp\/v2\/comments?post=492"}],"version-history":[{"count":0,"href":"https:\/\/www.gshsystem.com\/cs\/wp-json\/wp\/v2\/pages\/492\/revisions"}],"up":[{"embeddable":true,"href":"https:\/\/www.gshsystem.com\/cs\/wp-json\/wp\/v2\/pages\/367"}],"wp:attachment":[{"href":"https:\/\/www.gshsystem.com\/cs\/wp-json\/wp\/v2\/media?parent=492"}],"wp:term":[{"taxonomy":"category","embeddable":true,"href":"https:\/\/www.gshsystem.com\/cs\/wp-json\/wp\/v2\/categories?post=492"},{"taxonomy":"post_tag","embeddable":true,"href":"https:\/\/www.gshsystem.com\/cs\/wp-json\/wp\/v2\/tags?post=492"}],"curies":[{"name":"wp","href":"https:\/\/api.w.org\/{rel}","templated":true}]}}