{"id":656,"date":"2021-04-15T21:47:29","date_gmt":"2021-04-15T19:47:29","guid":{"rendered":"https:\/\/www.gshsystem.com\/?page_id=656"},"modified":"2021-05-07T11:39:51","modified_gmt":"2021-05-07T09:39:51","slug":"binarnidekodovani","status":"publish","type":"page","link":"https:\/\/www.gshsystem.com\/cs\/software\/designer-automatizace\/swblock\/binarnidekodovani\/","title":{"rendered":"Bin\u00e1rn\u00ed dek\u00f3dov\u00e1n\u00ed"},"content":{"rendered":"\n<h3 class=\"wp-block-heading\">Bin\u00e1rn\u00ed dek\u00f3dov\u00e1n\u00ed<\/h3>\n\n\n\n<div class=\"wp-block-image\"><figure class=\"aligncenter size-large\"><img decoding=\"async\" src=\"https:\/\/www.gshsystem.com\/wp-content\/uploads\/2021\/04\/binarni-dekodovani.jpg\" alt=\"\" class=\"wp-image-657\"\/><\/figure><\/div>\n\n\n\n<p>P\u0159ev\u00e1dn\u00ed bin\u00e1rn\u00ed hodnotu na analogovou.<\/p>\n\n\n\n<h4 class=\"wp-block-heading\">Parametry objektu<\/h4>\n\n\n\n<figure class=\"wp-block-table\"><table class=\"has-fixed-layout\"><tbody><tr><td><strong>Parametr<\/strong><\/td><td><strong>Hodnota<\/strong><\/td><\/tr><tr><td>Pozn\u00e1mka<\/td><td>Vlastn\u00ed pozn\u00e1mka<\/td><\/tr><\/tbody><\/table><\/figure>\n\n\n\n<h4 class=\"wp-block-heading\">Vstupn\u00ed porty<\/h4>\n\n\n\n<figure class=\"wp-block-table\"><table class=\"has-fixed-layout\"><tbody><tr><td><strong>N\u00e1zev portu<\/strong><\/td><td><strong>Funkce<\/strong><\/td><\/tr><tr><td>Vstup 1-8 (B1-8)<\/td><td>Vstupn\u00ed porty bin\u00e1rn\u00ed hodnoty<\/td><\/tr><\/tbody><\/table><\/figure>\n\n\n\n<h4 class=\"wp-block-heading\">V\u00fdstupn\u00ed porty<\/h4>\n\n\n\n<figure class=\"wp-block-table\"><table class=\"has-fixed-layout\"><tbody><tr><td><strong>N\u00e1zev portu<\/strong><\/td><td><strong>Funkce<\/strong><\/td><\/tr><tr><td>V\u00fdstup (Q)<\/td><td>Bin\u00e1rn\u00ed hodnota p\u0159eveden\u00e1 na analog<\/td><\/tr><\/tbody><\/table><\/figure>\n","protected":false},"excerpt":{"rendered":"<p>Bin\u00e1rn\u00ed dek\u00f3dov\u00e1n\u00ed P\u0159ev\u00e1dn\u00ed bin\u00e1rn\u00ed hodnotu na analogovou. Parametry objektu Parametr Hodnota Pozn\u00e1mka Vlastn\u00ed pozn\u00e1mka Vstupn\u00ed porty N\u00e1zev portu Funkce Vstup 1-8 (B1-8) Vstupn\u00ed porty bin\u00e1rn\u00ed hodnoty V\u00fdstupn\u00ed porty N\u00e1zev portu Funkce V\u00fdstup (Q) Bin\u00e1rn\u00ed hodnota p\u0159eveden\u00e1 na analog<\/p>\n","protected":false},"author":6,"featured_media":0,"parent":365,"menu_order":0,"comment_status":"closed","ping_status":"closed","template":"","meta":{"_et_pb_use_builder":"off","_et_pb_old_content":"","_et_gb_content_width":"926","footnotes":""},"categories":[32],"tags":[],"class_list":["post-656","page","type-page","status-publish","hentry","category-navody-objekty-logicke-cleny"],"yoast_head":"<!-- This site is optimized with the Yoast SEO plugin v27.2 - https:\/\/yoast.com\/product\/yoast-seo-wordpress\/ -->\n<title>Bin\u00e1rn\u00ed dek\u00f3dov\u00e1n\u00ed - GshSystem<\/title>\n<meta name=\"robots\" content=\"noindex, follow, max-snippet:-1, max-image-preview:large, max-video-preview:-1\" \/>\n<meta property=\"og:locale\" content=\"cs_CZ\" \/>\n<meta property=\"og:type\" content=\"article\" \/>\n<meta property=\"og:title\" content=\"Bin\u00e1rn\u00ed dek\u00f3dov\u00e1n\u00ed - GshSystem\" \/>\n<meta property=\"og:description\" content=\"Bin\u00e1rn\u00ed dek\u00f3dov\u00e1n\u00ed P\u0159ev\u00e1dn\u00ed bin\u00e1rn\u00ed hodnotu na analogovou. Parametry objektu Parametr Hodnota Pozn\u00e1mka Vlastn\u00ed pozn\u00e1mka Vstupn\u00ed porty N\u00e1zev portu Funkce Vstup 1-8 (B1-8) Vstupn\u00ed porty bin\u00e1rn\u00ed hodnoty V\u00fdstupn\u00ed porty N\u00e1zev portu Funkce V\u00fdstup (Q) Bin\u00e1rn\u00ed hodnota p\u0159eveden\u00e1 na analog\" \/>\n<meta property=\"og:url\" content=\"https:\/\/www.gshsystem.com\/cs\/software\/designer-automatizace\/swblock\/binarnidekodovani\/\" \/>\n<meta property=\"og:site_name\" content=\"GshSystem\" \/>\n<meta property=\"article:modified_time\" content=\"2021-05-07T09:39:51+00:00\" \/>\n<meta property=\"og:image\" content=\"https:\/\/www.gshsystem.com\/wp-content\/uploads\/2021\/04\/binarni-dekodovani.jpg\" \/>\n<meta name=\"twitter:card\" content=\"summary_large_image\" \/>\n<meta name=\"twitter:label1\" content=\"Odhadovan\u00e1 doba \u010dten\u00ed\" \/>\n\t<meta name=\"twitter:data1\" content=\"1 minuta\" \/>\n<script type=\"application\/ld+json\" class=\"yoast-schema-graph\">{\"@context\":\"https:\/\/schema.org\",\"@graph\":[{\"@type\":\"WebPage\",\"@id\":\"https:\/\/www.gshsystem.com\/cs\/software\/designer-automatizace\/swblock\/binarnidekodovani\/\",\"url\":\"https:\/\/www.gshsystem.com\/cs\/software\/designer-automatizace\/swblock\/binarnidekodovani\/\",\"name\":\"Bin\u00e1rn\u00ed dek\u00f3dov\u00e1n\u00ed - GshSystem\",\"isPartOf\":{\"@id\":\"https:\/\/www.gshsystem.com\/cs\/#website\"},\"primaryImageOfPage\":{\"@id\":\"https:\/\/www.gshsystem.com\/cs\/software\/designer-automatizace\/swblock\/binarnidekodovani\/#primaryimage\"},\"image\":{\"@id\":\"https:\/\/www.gshsystem.com\/cs\/software\/designer-automatizace\/swblock\/binarnidekodovani\/#primaryimage\"},\"thumbnailUrl\":\"https:\/\/www.gshsystem.com\/wp-content\/uploads\/2021\/04\/binarni-dekodovani.jpg\",\"datePublished\":\"2021-04-15T19:47:29+00:00\",\"dateModified\":\"2021-05-07T09:39:51+00:00\",\"breadcrumb\":{\"@id\":\"https:\/\/www.gshsystem.com\/cs\/software\/designer-automatizace\/swblock\/binarnidekodovani\/#breadcrumb\"},\"inLanguage\":\"cs\",\"potentialAction\":[{\"@type\":\"ReadAction\",\"target\":[\"https:\/\/www.gshsystem.com\/cs\/software\/designer-automatizace\/swblock\/binarnidekodovani\/\"]}]},{\"@type\":\"ImageObject\",\"inLanguage\":\"cs\",\"@id\":\"https:\/\/www.gshsystem.com\/cs\/software\/designer-automatizace\/swblock\/binarnidekodovani\/#primaryimage\",\"url\":\"https:\/\/www.gshsystem.com\/wp-content\/uploads\/2021\/04\/binarni-dekodovani.jpg\",\"contentUrl\":\"https:\/\/www.gshsystem.com\/wp-content\/uploads\/2021\/04\/binarni-dekodovani.jpg\"},{\"@type\":\"BreadcrumbList\",\"@id\":\"https:\/\/www.gshsystem.com\/cs\/software\/designer-automatizace\/swblock\/binarnidekodovani\/#breadcrumb\",\"itemListElement\":[{\"@type\":\"ListItem\",\"position\":1,\"name\":\"Software\",\"item\":\"https:\/\/www.gshsystem.com\/cs\/software\/\"},{\"@type\":\"ListItem\",\"position\":2,\"name\":\"Designer automatizace\",\"item\":\"https:\/\/www.gshsystem.com\/cs\/software\/designer-automatizace\/\"},{\"@type\":\"ListItem\",\"position\":3,\"name\":\"Softwarov\u00e9 bloky\",\"item\":\"https:\/\/www.gshsystem.com\/cs\/software\/designer-automatizace\/swblock\/\"},{\"@type\":\"ListItem\",\"position\":4,\"name\":\"Bin\u00e1rn\u00ed dek\u00f3dov\u00e1n\u00ed\"}]},{\"@type\":\"WebSite\",\"@id\":\"https:\/\/www.gshsystem.com\/cs\/#website\",\"url\":\"https:\/\/www.gshsystem.com\/cs\/\",\"name\":\"GshSystem\",\"description\":\"\",\"potentialAction\":[{\"@type\":\"SearchAction\",\"target\":{\"@type\":\"EntryPoint\",\"urlTemplate\":\"https:\/\/www.gshsystem.com\/cs\/?s={search_term_string}\"},\"query-input\":{\"@type\":\"PropertyValueSpecification\",\"valueRequired\":true,\"valueName\":\"search_term_string\"}}],\"inLanguage\":\"cs\"}]}<\/script>\n<!-- \/ Yoast SEO plugin. -->","yoast_head_json":{"title":"Bin\u00e1rn\u00ed dek\u00f3dov\u00e1n\u00ed - GshSystem","robots":{"index":"noindex","follow":"follow","max-snippet":"max-snippet:-1","max-image-preview":"max-image-preview:large","max-video-preview":"max-video-preview:-1"},"og_locale":"cs_CZ","og_type":"article","og_title":"Bin\u00e1rn\u00ed dek\u00f3dov\u00e1n\u00ed - GshSystem","og_description":"Bin\u00e1rn\u00ed dek\u00f3dov\u00e1n\u00ed P\u0159ev\u00e1dn\u00ed bin\u00e1rn\u00ed hodnotu na analogovou. Parametry objektu Parametr Hodnota Pozn\u00e1mka Vlastn\u00ed pozn\u00e1mka Vstupn\u00ed porty N\u00e1zev portu Funkce Vstup 1-8 (B1-8) Vstupn\u00ed porty bin\u00e1rn\u00ed hodnoty V\u00fdstupn\u00ed porty N\u00e1zev portu Funkce V\u00fdstup (Q) Bin\u00e1rn\u00ed hodnota p\u0159eveden\u00e1 na analog","og_url":"https:\/\/www.gshsystem.com\/cs\/software\/designer-automatizace\/swblock\/binarnidekodovani\/","og_site_name":"GshSystem","article_modified_time":"2021-05-07T09:39:51+00:00","og_image":[{"url":"https:\/\/www.gshsystem.com\/wp-content\/uploads\/2021\/04\/binarni-dekodovani.jpg","type":"","width":"","height":""}],"twitter_card":"summary_large_image","twitter_misc":{"Odhadovan\u00e1 doba \u010dten\u00ed":"1 minuta"},"schema":{"@context":"https:\/\/schema.org","@graph":[{"@type":"WebPage","@id":"https:\/\/www.gshsystem.com\/cs\/software\/designer-automatizace\/swblock\/binarnidekodovani\/","url":"https:\/\/www.gshsystem.com\/cs\/software\/designer-automatizace\/swblock\/binarnidekodovani\/","name":"Bin\u00e1rn\u00ed dek\u00f3dov\u00e1n\u00ed - GshSystem","isPartOf":{"@id":"https:\/\/www.gshsystem.com\/cs\/#website"},"primaryImageOfPage":{"@id":"https:\/\/www.gshsystem.com\/cs\/software\/designer-automatizace\/swblock\/binarnidekodovani\/#primaryimage"},"image":{"@id":"https:\/\/www.gshsystem.com\/cs\/software\/designer-automatizace\/swblock\/binarnidekodovani\/#primaryimage"},"thumbnailUrl":"https:\/\/www.gshsystem.com\/wp-content\/uploads\/2021\/04\/binarni-dekodovani.jpg","datePublished":"2021-04-15T19:47:29+00:00","dateModified":"2021-05-07T09:39:51+00:00","breadcrumb":{"@id":"https:\/\/www.gshsystem.com\/cs\/software\/designer-automatizace\/swblock\/binarnidekodovani\/#breadcrumb"},"inLanguage":"cs","potentialAction":[{"@type":"ReadAction","target":["https:\/\/www.gshsystem.com\/cs\/software\/designer-automatizace\/swblock\/binarnidekodovani\/"]}]},{"@type":"ImageObject","inLanguage":"cs","@id":"https:\/\/www.gshsystem.com\/cs\/software\/designer-automatizace\/swblock\/binarnidekodovani\/#primaryimage","url":"https:\/\/www.gshsystem.com\/wp-content\/uploads\/2021\/04\/binarni-dekodovani.jpg","contentUrl":"https:\/\/www.gshsystem.com\/wp-content\/uploads\/2021\/04\/binarni-dekodovani.jpg"},{"@type":"BreadcrumbList","@id":"https:\/\/www.gshsystem.com\/cs\/software\/designer-automatizace\/swblock\/binarnidekodovani\/#breadcrumb","itemListElement":[{"@type":"ListItem","position":1,"name":"Software","item":"https:\/\/www.gshsystem.com\/cs\/software\/"},{"@type":"ListItem","position":2,"name":"Designer automatizace","item":"https:\/\/www.gshsystem.com\/cs\/software\/designer-automatizace\/"},{"@type":"ListItem","position":3,"name":"Softwarov\u00e9 bloky","item":"https:\/\/www.gshsystem.com\/cs\/software\/designer-automatizace\/swblock\/"},{"@type":"ListItem","position":4,"name":"Bin\u00e1rn\u00ed dek\u00f3dov\u00e1n\u00ed"}]},{"@type":"WebSite","@id":"https:\/\/www.gshsystem.com\/cs\/#website","url":"https:\/\/www.gshsystem.com\/cs\/","name":"GshSystem","description":"","potentialAction":[{"@type":"SearchAction","target":{"@type":"EntryPoint","urlTemplate":"https:\/\/www.gshsystem.com\/cs\/?s={search_term_string}"},"query-input":{"@type":"PropertyValueSpecification","valueRequired":true,"valueName":"search_term_string"}}],"inLanguage":"cs"}]}},"_links":{"self":[{"href":"https:\/\/www.gshsystem.com\/cs\/wp-json\/wp\/v2\/pages\/656","targetHints":{"allow":["GET"]}}],"collection":[{"href":"https:\/\/www.gshsystem.com\/cs\/wp-json\/wp\/v2\/pages"}],"about":[{"href":"https:\/\/www.gshsystem.com\/cs\/wp-json\/wp\/v2\/types\/page"}],"author":[{"embeddable":true,"href":"https:\/\/www.gshsystem.com\/cs\/wp-json\/wp\/v2\/users\/6"}],"replies":[{"embeddable":true,"href":"https:\/\/www.gshsystem.com\/cs\/wp-json\/wp\/v2\/comments?post=656"}],"version-history":[{"count":0,"href":"https:\/\/www.gshsystem.com\/cs\/wp-json\/wp\/v2\/pages\/656\/revisions"}],"up":[{"embeddable":true,"href":"https:\/\/www.gshsystem.com\/cs\/wp-json\/wp\/v2\/pages\/365"}],"wp:attachment":[{"href":"https:\/\/www.gshsystem.com\/cs\/wp-json\/wp\/v2\/media?parent=656"}],"wp:term":[{"taxonomy":"category","embeddable":true,"href":"https:\/\/www.gshsystem.com\/cs\/wp-json\/wp\/v2\/categories?post=656"},{"taxonomy":"post_tag","embeddable":true,"href":"https:\/\/www.gshsystem.com\/cs\/wp-json\/wp\/v2\/tags?post=656"}],"curies":[{"name":"wp","href":"https:\/\/api.w.org\/{rel}","templated":true}]}}