{"id":94,"date":"2020-11-02T20:37:13","date_gmt":"2020-11-02T19:37:13","guid":{"rendered":"https:\/\/www.gshsystem.com\/?page_id=94"},"modified":"2021-05-11T06:34:27","modified_gmt":"2021-05-11T04:34:27","slug":"help-obj-timer1","status":"publish","type":"page","link":"https:\/\/www.gshsystem.com\/cs\/software\/designer-automatizace\/swblock\/help-obj-timer1\/","title":{"rendered":"Zpo\u017ed\u011bn\u00e9 zapnut\u00ed a vypnut\u00ed"},"content":{"rendered":"\n<div class=\"wp-block-image\"><figure class=\"aligncenter size-large\"><img decoding=\"async\" src=\"https:\/\/www.gshsystem.com\/wp-content\/uploads\/2020\/11\/timer1.png\" alt=\"\" class=\"wp-image-97\"\/><\/figure><\/div>\n\n\n\n<h5 class=\"wp-block-heading\">Popis<\/h5>\n\n\n\n<p>Objekt se vyu\u017e\u00edv\u00e1 ke zpo\u017ed\u011bn\u00e9mu zapnut\u00ed, zpo\u017ed\u011bn\u00e9mu vypnut\u00ed nebo zpo\u017ed\u011bn\u00e9mu zapnut\u00ed i vypnut\u00ed v\u00fdstupu.<\/p>\n\n\n\n<h5 class=\"wp-block-heading\">Parametry<\/h5>\n\n\n\n<figure class=\"wp-block-table\"><table class=\"has-fixed-layout\"><tbody><tr><td><strong>Zpo\u017ed\u011bn\u00e9 zapnut\u00ed TOn<\/strong><\/td><td>Definuje zpozdeni zapnuti vystupu [sec]<\/td><\/tr><tr><td><strong>Zpo\u017ed\u011bn\u00e9 vypnut\u00ed TOff<\/strong><\/td><td>Definuje zpozdeni vypnuti vystupu [sec]<\/td><\/tr><tr><td><strong><strong>Vstupn\u00ed porty<\/strong><\/strong><\/td><td>Povoluje u\u017eit\u00ed vstup\u016f<\/td><\/tr><\/tbody><\/table><\/figure>\n\n\n\n<h5 class=\"wp-block-heading\">Vstupy<\/h5>\n\n\n\n<figure class=\"wp-block-table\"><table class=\"has-fixed-layout\"><tbody><tr><td><strong>I<\/strong><\/td><td>Zpo\u017e\u010fovan\u00fd sign\u00e1l<\/td><\/tr><tr><td><strong>R<\/strong><\/td><td>Provede deaktivaci \u010dasova\u010de<\/td><\/tr><tr><td><strong>TOn<\/strong><\/td><td>Nastavuje dobu zpo\u017ed\u011bn\u00ed zapnut\u00ed, m\u00e1 prioritu p\u0159ed parametrem TOn<\/td><\/tr><tr><td><strong>TOff<\/strong><\/td><td>Nastavuje dobu zpo\u017ed\u011bn\u00e9ho vypnut\u00ed, m\u00e1 prioritu p\u0159ed parametrem TOff<\/td><\/tr><\/tbody><\/table><\/figure>\n\n\n\n<h5 class=\"wp-block-heading\">V\u00fdstupy<\/h5>\n\n\n\n<figure class=\"wp-block-table\"><table><tbody><tr><td><strong>Q<\/strong><\/td><td>V\u00fdstup zpo\u017ed\u011bn\u00e9ho signalu<\/td><\/tr><\/tbody><\/table><\/figure>\n\n\n\n<p><\/p>\n","protected":false},"excerpt":{"rendered":"<p>Popis Objekt se vyu\u017e\u00edv\u00e1 ke zpo\u017ed\u011bn\u00e9mu zapnut\u00ed, zpo\u017ed\u011bn\u00e9mu vypnut\u00ed nebo zpo\u017ed\u011bn\u00e9mu zapnut\u00ed i vypnut\u00ed v\u00fdstupu. Parametry Zpo\u017ed\u011bn\u00e9 zapnut\u00ed TOn Definuje zpozdeni zapnuti vystupu [sec] Zpo\u017ed\u011bn\u00e9 vypnut\u00ed TOff Definuje zpozdeni vypnuti vystupu [sec] Vstupn\u00ed porty Povoluje u\u017eit\u00ed vstup\u016f Vstupy I Zpo\u017e\u010fovan\u00fd sign\u00e1l R Provede deaktivaci \u010dasova\u010de TOn Nastavuje dobu zpo\u017ed\u011bn\u00ed zapnut\u00ed, m\u00e1 prioritu p\u0159ed parametrem TOn [&hellip;]<\/p>\n","protected":false},"author":6,"featured_media":0,"parent":365,"menu_order":0,"comment_status":"closed","ping_status":"closed","template":"","meta":{"_et_pb_use_builder":"off","_et_pb_old_content":"","_et_gb_content_width":"926","footnotes":""},"categories":[33],"tags":[],"class_list":["post-94","page","type-page","status-publish","hentry","category-navody-objekty-cas"],"yoast_head":"<!-- This site is optimized with the Yoast SEO plugin v27.2 - https:\/\/yoast.com\/product\/yoast-seo-wordpress\/ -->\n<title>Zpo\u017ed\u011bn\u00e9 zapnut\u00ed a vypnut\u00ed - GshSystem<\/title>\n<meta name=\"robots\" content=\"noindex, follow, max-snippet:-1, max-image-preview:large, max-video-preview:-1\" \/>\n<meta property=\"og:locale\" content=\"cs_CZ\" \/>\n<meta property=\"og:type\" content=\"article\" \/>\n<meta property=\"og:title\" content=\"Zpo\u017ed\u011bn\u00e9 zapnut\u00ed a vypnut\u00ed - GshSystem\" \/>\n<meta property=\"og:description\" content=\"Popis Objekt se vyu\u017e\u00edv\u00e1 ke zpo\u017ed\u011bn\u00e9mu zapnut\u00ed, zpo\u017ed\u011bn\u00e9mu vypnut\u00ed nebo zpo\u017ed\u011bn\u00e9mu zapnut\u00ed i vypnut\u00ed v\u00fdstupu. Parametry Zpo\u017ed\u011bn\u00e9 zapnut\u00ed TOn Definuje zpozdeni zapnuti vystupu [sec] Zpo\u017ed\u011bn\u00e9 vypnut\u00ed TOff Definuje zpozdeni vypnuti vystupu [sec] Vstupn\u00ed porty Povoluje u\u017eit\u00ed vstup\u016f Vstupy I Zpo\u017e\u010fovan\u00fd sign\u00e1l R Provede deaktivaci \u010dasova\u010de TOn Nastavuje dobu zpo\u017ed\u011bn\u00ed zapnut\u00ed, m\u00e1 prioritu p\u0159ed parametrem TOn [&hellip;]\" \/>\n<meta property=\"og:url\" content=\"https:\/\/www.gshsystem.com\/cs\/software\/designer-automatizace\/swblock\/help-obj-timer1\/\" \/>\n<meta property=\"og:site_name\" content=\"GshSystem\" \/>\n<meta property=\"article:modified_time\" content=\"2021-05-11T04:34:27+00:00\" \/>\n<meta property=\"og:image\" content=\"https:\/\/www.gshsystem.com\/wp-content\/uploads\/2020\/11\/timer1.png\" \/>\n<meta name=\"twitter:card\" content=\"summary_large_image\" \/>\n<meta name=\"twitter:label1\" content=\"Odhadovan\u00e1 doba \u010dten\u00ed\" \/>\n\t<meta name=\"twitter:data1\" content=\"1 minuta\" \/>\n<script type=\"application\/ld+json\" class=\"yoast-schema-graph\">{\"@context\":\"https:\/\/schema.org\",\"@graph\":[{\"@type\":\"WebPage\",\"@id\":\"https:\/\/www.gshsystem.com\/cs\/software\/designer-automatizace\/swblock\/help-obj-timer1\/\",\"url\":\"https:\/\/www.gshsystem.com\/cs\/software\/designer-automatizace\/swblock\/help-obj-timer1\/\",\"name\":\"Zpo\u017ed\u011bn\u00e9 zapnut\u00ed a vypnut\u00ed - GshSystem\",\"isPartOf\":{\"@id\":\"https:\/\/www.gshsystem.com\/cs\/#website\"},\"primaryImageOfPage\":{\"@id\":\"https:\/\/www.gshsystem.com\/cs\/software\/designer-automatizace\/swblock\/help-obj-timer1\/#primaryimage\"},\"image\":{\"@id\":\"https:\/\/www.gshsystem.com\/cs\/software\/designer-automatizace\/swblock\/help-obj-timer1\/#primaryimage\"},\"thumbnailUrl\":\"https:\/\/www.gshsystem.com\/wp-content\/uploads\/2020\/11\/timer1.png\",\"datePublished\":\"2020-11-02T19:37:13+00:00\",\"dateModified\":\"2021-05-11T04:34:27+00:00\",\"breadcrumb\":{\"@id\":\"https:\/\/www.gshsystem.com\/cs\/software\/designer-automatizace\/swblock\/help-obj-timer1\/#breadcrumb\"},\"inLanguage\":\"cs\",\"potentialAction\":[{\"@type\":\"ReadAction\",\"target\":[\"https:\/\/www.gshsystem.com\/cs\/software\/designer-automatizace\/swblock\/help-obj-timer1\/\"]}]},{\"@type\":\"ImageObject\",\"inLanguage\":\"cs\",\"@id\":\"https:\/\/www.gshsystem.com\/cs\/software\/designer-automatizace\/swblock\/help-obj-timer1\/#primaryimage\",\"url\":\"https:\/\/www.gshsystem.com\/wp-content\/uploads\/2020\/11\/timer1.png\",\"contentUrl\":\"https:\/\/www.gshsystem.com\/wp-content\/uploads\/2020\/11\/timer1.png\"},{\"@type\":\"BreadcrumbList\",\"@id\":\"https:\/\/www.gshsystem.com\/cs\/software\/designer-automatizace\/swblock\/help-obj-timer1\/#breadcrumb\",\"itemListElement\":[{\"@type\":\"ListItem\",\"position\":1,\"name\":\"Software\",\"item\":\"https:\/\/www.gshsystem.com\/cs\/software\/\"},{\"@type\":\"ListItem\",\"position\":2,\"name\":\"Designer automatizace\",\"item\":\"https:\/\/www.gshsystem.com\/cs\/software\/designer-automatizace\/\"},{\"@type\":\"ListItem\",\"position\":3,\"name\":\"Softwarov\u00e9 bloky\",\"item\":\"https:\/\/www.gshsystem.com\/cs\/software\/designer-automatizace\/swblock\/\"},{\"@type\":\"ListItem\",\"position\":4,\"name\":\"Zpo\u017ed\u011bn\u00e9 zapnut\u00ed a vypnut\u00ed\"}]},{\"@type\":\"WebSite\",\"@id\":\"https:\/\/www.gshsystem.com\/cs\/#website\",\"url\":\"https:\/\/www.gshsystem.com\/cs\/\",\"name\":\"GshSystem\",\"description\":\"\",\"potentialAction\":[{\"@type\":\"SearchAction\",\"target\":{\"@type\":\"EntryPoint\",\"urlTemplate\":\"https:\/\/www.gshsystem.com\/cs\/?s={search_term_string}\"},\"query-input\":{\"@type\":\"PropertyValueSpecification\",\"valueRequired\":true,\"valueName\":\"search_term_string\"}}],\"inLanguage\":\"cs\"}]}<\/script>\n<!-- \/ Yoast SEO plugin. -->","yoast_head_json":{"title":"Zpo\u017ed\u011bn\u00e9 zapnut\u00ed a vypnut\u00ed - GshSystem","robots":{"index":"noindex","follow":"follow","max-snippet":"max-snippet:-1","max-image-preview":"max-image-preview:large","max-video-preview":"max-video-preview:-1"},"og_locale":"cs_CZ","og_type":"article","og_title":"Zpo\u017ed\u011bn\u00e9 zapnut\u00ed a vypnut\u00ed - GshSystem","og_description":"Popis Objekt se vyu\u017e\u00edv\u00e1 ke zpo\u017ed\u011bn\u00e9mu zapnut\u00ed, zpo\u017ed\u011bn\u00e9mu vypnut\u00ed nebo zpo\u017ed\u011bn\u00e9mu zapnut\u00ed i vypnut\u00ed v\u00fdstupu. Parametry Zpo\u017ed\u011bn\u00e9 zapnut\u00ed TOn Definuje zpozdeni zapnuti vystupu [sec] Zpo\u017ed\u011bn\u00e9 vypnut\u00ed TOff Definuje zpozdeni vypnuti vystupu [sec] Vstupn\u00ed porty Povoluje u\u017eit\u00ed vstup\u016f Vstupy I Zpo\u017e\u010fovan\u00fd sign\u00e1l R Provede deaktivaci \u010dasova\u010de TOn Nastavuje dobu zpo\u017ed\u011bn\u00ed zapnut\u00ed, m\u00e1 prioritu p\u0159ed parametrem TOn [&hellip;]","og_url":"https:\/\/www.gshsystem.com\/cs\/software\/designer-automatizace\/swblock\/help-obj-timer1\/","og_site_name":"GshSystem","article_modified_time":"2021-05-11T04:34:27+00:00","og_image":[{"url":"https:\/\/www.gshsystem.com\/wp-content\/uploads\/2020\/11\/timer1.png","type":"","width":"","height":""}],"twitter_card":"summary_large_image","twitter_misc":{"Odhadovan\u00e1 doba \u010dten\u00ed":"1 minuta"},"schema":{"@context":"https:\/\/schema.org","@graph":[{"@type":"WebPage","@id":"https:\/\/www.gshsystem.com\/cs\/software\/designer-automatizace\/swblock\/help-obj-timer1\/","url":"https:\/\/www.gshsystem.com\/cs\/software\/designer-automatizace\/swblock\/help-obj-timer1\/","name":"Zpo\u017ed\u011bn\u00e9 zapnut\u00ed a vypnut\u00ed - GshSystem","isPartOf":{"@id":"https:\/\/www.gshsystem.com\/cs\/#website"},"primaryImageOfPage":{"@id":"https:\/\/www.gshsystem.com\/cs\/software\/designer-automatizace\/swblock\/help-obj-timer1\/#primaryimage"},"image":{"@id":"https:\/\/www.gshsystem.com\/cs\/software\/designer-automatizace\/swblock\/help-obj-timer1\/#primaryimage"},"thumbnailUrl":"https:\/\/www.gshsystem.com\/wp-content\/uploads\/2020\/11\/timer1.png","datePublished":"2020-11-02T19:37:13+00:00","dateModified":"2021-05-11T04:34:27+00:00","breadcrumb":{"@id":"https:\/\/www.gshsystem.com\/cs\/software\/designer-automatizace\/swblock\/help-obj-timer1\/#breadcrumb"},"inLanguage":"cs","potentialAction":[{"@type":"ReadAction","target":["https:\/\/www.gshsystem.com\/cs\/software\/designer-automatizace\/swblock\/help-obj-timer1\/"]}]},{"@type":"ImageObject","inLanguage":"cs","@id":"https:\/\/www.gshsystem.com\/cs\/software\/designer-automatizace\/swblock\/help-obj-timer1\/#primaryimage","url":"https:\/\/www.gshsystem.com\/wp-content\/uploads\/2020\/11\/timer1.png","contentUrl":"https:\/\/www.gshsystem.com\/wp-content\/uploads\/2020\/11\/timer1.png"},{"@type":"BreadcrumbList","@id":"https:\/\/www.gshsystem.com\/cs\/software\/designer-automatizace\/swblock\/help-obj-timer1\/#breadcrumb","itemListElement":[{"@type":"ListItem","position":1,"name":"Software","item":"https:\/\/www.gshsystem.com\/cs\/software\/"},{"@type":"ListItem","position":2,"name":"Designer automatizace","item":"https:\/\/www.gshsystem.com\/cs\/software\/designer-automatizace\/"},{"@type":"ListItem","position":3,"name":"Softwarov\u00e9 bloky","item":"https:\/\/www.gshsystem.com\/cs\/software\/designer-automatizace\/swblock\/"},{"@type":"ListItem","position":4,"name":"Zpo\u017ed\u011bn\u00e9 zapnut\u00ed a vypnut\u00ed"}]},{"@type":"WebSite","@id":"https:\/\/www.gshsystem.com\/cs\/#website","url":"https:\/\/www.gshsystem.com\/cs\/","name":"GshSystem","description":"","potentialAction":[{"@type":"SearchAction","target":{"@type":"EntryPoint","urlTemplate":"https:\/\/www.gshsystem.com\/cs\/?s={search_term_string}"},"query-input":{"@type":"PropertyValueSpecification","valueRequired":true,"valueName":"search_term_string"}}],"inLanguage":"cs"}]}},"_links":{"self":[{"href":"https:\/\/www.gshsystem.com\/cs\/wp-json\/wp\/v2\/pages\/94","targetHints":{"allow":["GET"]}}],"collection":[{"href":"https:\/\/www.gshsystem.com\/cs\/wp-json\/wp\/v2\/pages"}],"about":[{"href":"https:\/\/www.gshsystem.com\/cs\/wp-json\/wp\/v2\/types\/page"}],"author":[{"embeddable":true,"href":"https:\/\/www.gshsystem.com\/cs\/wp-json\/wp\/v2\/users\/6"}],"replies":[{"embeddable":true,"href":"https:\/\/www.gshsystem.com\/cs\/wp-json\/wp\/v2\/comments?post=94"}],"version-history":[{"count":0,"href":"https:\/\/www.gshsystem.com\/cs\/wp-json\/wp\/v2\/pages\/94\/revisions"}],"up":[{"embeddable":true,"href":"https:\/\/www.gshsystem.com\/cs\/wp-json\/wp\/v2\/pages\/365"}],"wp:attachment":[{"href":"https:\/\/www.gshsystem.com\/cs\/wp-json\/wp\/v2\/media?parent=94"}],"wp:term":[{"taxonomy":"category","embeddable":true,"href":"https:\/\/www.gshsystem.com\/cs\/wp-json\/wp\/v2\/categories?post=94"},{"taxonomy":"post_tag","embeddable":true,"href":"https:\/\/www.gshsystem.com\/cs\/wp-json\/wp\/v2\/tags?post=94"}],"curies":[{"name":"wp","href":"https:\/\/api.w.org\/{rel}","templated":true}]}}