{"id":826,"date":"2021-06-23T14:09:08","date_gmt":"2021-06-23T12:09:08","guid":{"rendered":"https:\/\/www.gshsystem.com\/?page_id=826"},"modified":"2026-03-22T19:56:46","modified_gmt":"2026-03-22T18:56:46","slug":"gdpr","status":"publish","type":"page","link":"https:\/\/www.gshsystem.com\/en\/gdpr\/","title":{"rendered":"GDPR"},"content":{"rendered":"<h1 style=\"text-align: center;\"><strong>Z\u00e1sady ochrany osobn\u00edch \u00fadaj\u016f<\/strong><strong>\u00a0<\/strong><\/h1>\n<h4 style=\"text-align: center;\"><strong>v\u00a0souvislosti s\u00a0p\u0159ijet\u00edm<\/strong>\u00a0<strong>Obecn\u00e9ho na\u0159\u00edzen\u00ed o ochran\u011b osobn\u00edch \u00fadaj\u016f<\/strong><\/h4>\n<h3><strong>\u00davod<\/strong><\/h3>\n<p>S\u00a0ohledem na nov\u00fd r\u00e1mec pr\u00e1vn\u00ed ochrany osobn\u00edch \u00fadaj\u016f v evropsk\u00e9m prostoru za \u00fa\u010delem zv\u00fd\u0161en\u00ed ochrany pr\u00e1v ob\u010dan\u016f EU a ochrany p\u0159ed neopr\u00e1vn\u011bn\u00fdm nakl\u00e1d\u00e1n\u00edm s jejich osobn\u00edmi \u00fadaji a daty, kter\u00e9 p\u0159in\u00e1\u0161\u00ed na\u0159\u00edzen\u00ed Evropsk\u00e9ho parlamentu a Rady (EU) \u010d. 2016\/679 ze dne 27. 4. 2016, obecn\u011b zn\u00e1m\u00e9 pod zau\u017e\u00edvanou zkratkou\u00a0<strong>GDPR\u00a0<\/strong>(d\u00e1le tak\u00e9 jen \u201e<strong>GDPR<\/strong>\u201c), je\u017e vstoupil v \u00fa\u010dinnost 25. kv\u011btna 2018, a \u00a0v \u010cesk\u00e9 republice nahrad\u00ed sou\u010dasnou pr\u00e1vn\u00ed \u00fapravu ochrany osobn\u00edch \u00fadaj\u016f, p\u0159ijala spole\u010dnost GACC spol. s r. o., zapsan\u00e1 v obchodn\u00edm rejst\u0159\u00edku veden\u00e9m Krajsk\u00fdm soudem v Brn\u011b, odd\u00edl C, vlo\u017eka \u010d. 405, se s\u00eddlem Ti\u0161nov, Na Ml\u00e9k\u00e1rn\u011b \u010d.p. 379, PS\u010c 66601, I\u010cO: 13691465 (d\u00e1le tak\u00e9 jen \u201e<strong>spole\u010dnost<\/strong>\u00a0<strong>GACC<\/strong>\u201c).<\/p>\n<hr \/>\n<h3><strong>Shroma\u017e\u010fov\u00e1n\u00ed a pou\u017e\u00edv\u00e1n\u00ed osobn\u00edch \u00fadaj\u016f<\/strong><\/h3>\n<p>\u017d\u00e1dn\u00e9 na\u0161e aplikace spojen\u00e9 ze syst\u00e9mem <strong>GSH<\/strong>, jako mobiln\u00ed klient <strong>GSmartHome<\/strong>, <strong>GshCore<\/strong>, <strong>Designer<\/strong> a dal\u0161\u00ed podp\u016frn\u00e9 n\u00e1stroje neshroma\u017e\u010fuj\u00ed ani nezpracov\u00e1vaj\u00ed \u017e\u00e1dn\u00e9 osobn\u00ed \u00fadaje.<\/p>\n<h3>Shroma\u017e\u010fov\u00e1n\u00ed a pou\u017e\u00edv\u00e1n\u00ed technick\u00fdch \u00fadaj\u016f<\/h3>\n<p>Shroma\u017e\u010fujeme n\u011bkolik z\u00e1kladn\u00edch technick\u00fdch informac\u00ed za \u00fa\u010delem technick\u00e9ho vylep\u0161en\u00ed na\u0161ich slu\u017eeb.<\/p>\n<ul>\n<li>Mobiln\u00ed aplikace <strong>GSmartHome<\/strong>, <strong>GshCore<\/strong> a <strong>Designer<\/strong> m\u016f\u017ee zaznamen\u00e1vat informace o p\u00e1du aplikace, sou\u010d\u00e1st\u00ed tohoto z\u00e1znamu je pouze \u010d\u00edslo verze aplikace, v\u00fdpis chyb a v p\u0159\u00edpad\u011b <strong>GshCore<\/strong> i s\u00e9riov\u00e9 \u010d\u00edslo produktu.\u00a0 <strong>\u017d\u00e1dn\u00e9 jin\u00e9 \u00fadaje se pro z\u00e1znam chyb nezaznamen\u00e1vaj\u00ed. <\/strong><\/li>\n<li><strong>Webov\u00e9 str\u00e1nky (WWW)<\/strong> zaznamen\u00e1vaj\u00ed Cookies (mal\u00fd textov\u00fd soubor odeslan\u00fd do va\u0161eho prohl\u00ed\u017ee\u010de), abychom l\u00e9pe porozum\u011bli tomu, kolik unik\u00e1tn\u00edch u\u017eivatel\u016f m\u00e1me a jak vyu\u017e\u00edvaj\u00ed n\u00e1\u0161 web.\u00a0Cookies tak\u00e9 pou\u017e\u00edv\u00e1me k uchov\u00e1n\u00ed va\u0161ich preferenc\u00ed a zapamatov\u00e1n\u00ed stavu aktivity, jako je online n\u00e1kupn\u00ed ko\u0161\u00edk. <strong>Prost\u0159ednictv\u00edm cookies neshroma\u017e\u010fujeme osobn\u00ed \u00fadaje.<\/strong><\/li>\n<li><b>Dal\u0161\u00ed informace<\/b>\u00a0: Informace o na\u0161ich protokolech serveru automaticky p\u0159ij\u00edm\u00e1me a zaznamen\u00e1v\u00e1me z prohl\u00ed\u017ee\u010de u\u017eivatele, v\u010detn\u011b IP adresy u\u017eivatele.\u00a0M\u016f\u017eeme shroma\u017e\u010fovat informace o pou\u017e\u00edvan\u00e9m prohl\u00ed\u017ee\u010di, opera\u010dn\u00edm syst\u00e9mu nebo mobiln\u00edm za\u0159\u00edzen\u00ed, jako\u017e<br \/>\ni informace o geografick\u00fdch poloh\u00e1ch a zp\u016fsobech pou\u017e\u00edv\u00e1n\u00ed. Tyto z\u00e1znamy uchov\u00e1v\u00e1me, abychom mohli analyzovat \u201ecelkov\u00fd obraz\u201c toho, jak na\u0161i n\u00e1v\u0161t\u011bvn\u00edci pou\u017e\u00edvaj\u00ed na\u0161e str\u00e1nky a analyzovat p\u0159\u00edpadn\u00e9 technick\u00e9 probl\u00e9my, kter\u00e9 by mohly nastat.<\/li>\n<li><b>Pou\u017eit\u00ed informac\u00ed<\/b> : Shrom\u00e1\u017ed\u011bn\u00e9 informace pou\u017e\u00edv\u00e1me k poskytov\u00e1n\u00ed obsahu, podpo\u0159e a zlep\u0161ov\u00e1n\u00ed u\u017eivatelsk\u00e9ho obsahu na\u0161ich WWW str\u00e1nek a aplikac\u00ed. Pokud se nap\u0159\u00edklad u\u017eivatel po p\u0159ihl\u00e1\u0161en\u00ed vr\u00e1t\u00ed ke slu\u017eb\u00e1m, soubory cookies n\u00e1m pomohou rozpoznat tohoto u\u017eivatele, ani\u017e by se musel znovu p\u0159ihla\u0161ovat. Nav\u00edc porozum\u011bn\u00edm trend\u016fm pou\u017e\u00edv\u00e1n\u00ed, chov\u00e1n\u00edm a preferenc\u00edm na\u0161ich u\u017eivatel\u016f m\u016f\u017eeme na\u0161e slu\u017eby vylep\u0161ovat a vyv\u00edjet nov\u00e9 funkce a funk\u010dnost.<\/li>\n<\/ul>\n<h3>Shroma\u017e\u010fov\u00e1n\u00ed a pou\u017e\u00edv\u00e1n\u00ed provozn\u00edch \u00fadaj\u016f<\/h3>\n<p>Syst\u00e9m <strong>GshCore<\/strong> m\u016f\u017ee vyu\u017e\u00edvat notifika\u010dn\u00ed hl\u00e1\u0161en\u00ed pro mobiln\u00ed klienty, emailov\u00e9 hl\u00e1\u0161en\u00ed nebo hl\u00e1\u0161en\u00ed pomoc\u00ed SMS zpr\u00e1v. Je nutn\u00e9, aby server uchov\u00e1val minim\u00e1ln\u00ed nezbytn\u011b nutn\u00e9 informace jako je zpr\u00e1va hl\u00e1\u0161en\u00ed, p\u0159\u00edjemce (email, SMS \u010d\u00edslo, &#8230;) a s\u00e9riov\u00e9 \u010d\u00edslo produktu. Tyto informace se d\u00e1le nijak nezpracov\u00e1vaj\u00ed.<\/p>\n<h3>Bezpe\u010dnost<\/h3>\n<p>Na\u0161e servery jsou um\u00edst\u011bny v zabezpe\u010den\u00e9m, uzam\u010den\u00e9m a monitorovan\u00e9m prost\u0159ed\u00ed.\u00a0P\u0159\u00edstup k dat\u016fm je \u0159\u00edzen n\u011bkolika vrstvami br\u00e1ny firewall.\u00a0Proto\u017ee \u017e\u00e1dn\u00fd syst\u00e9m nen\u00ed absolutn\u011b odoln\u00fd proti selh\u00e1n\u00ed, nem\u016f\u017eeme zaru\u010dit absolutn\u00ed bezpe\u010dnost va\u0161ich informac\u00ed.\u00a0Pou\u017e\u00edv\u00e1me v\u0161ak fyzick\u00e1, technick\u00e1 a administrativn\u00ed bezpe\u010dnostn\u00ed opat\u0159en\u00ed navr\u017een\u00e1 k zabezpe\u010den\u00ed informac\u00ed o u\u017eivatel\u00edch, kter\u00e9 dodr\u017euj\u00ed nebo p\u0159ekra\u010duj\u00ed oborov\u00e9 standardy.<\/p>\n<h3>Reklama a soci\u00e1ln\u00ed m\u00e9dia<\/h3>\n<p><strong>\u017d\u00e1dn\u00e1 na\u0161e aplikace nezobrazuje reklamu.<\/strong><\/p>\n<h3>Aktualizace<\/h3>\n<p>V t\u011bchto z\u00e1sad\u00e1ch ochrany osobn\u00edch \u00fadaj\u016f m\u016f\u017eeme prov\u00e9st zm\u011bny a na zm\u011bny v\u00e1s upozorn\u00edme zve\u0159ejn\u011bn\u00edm revidovan\u00fdch z\u00e1sad ochrany osobn\u00edch \u00fadaj\u016f s aktualizovan\u00fdm datem revize na na\u0161ich webov\u00fdch str\u00e1nk\u00e1ch. Pokud podstatn\u00fdm zp\u016fsobem zm\u011bn\u00edme tyto z\u00e1sady ochrany osobn\u00edch \u00fadaj\u016f, ud\u011bl\u00e1me v\u0161e pro to, abychom v\u00e1s na zm\u011bny upozornili zve\u0159ejn\u011bn\u00edm ozn\u00e1men\u00ed na na\u0161ich webov\u00fdch str\u00e1nk\u00e1ch.\u00a0Va\u0161e dal\u0161\u00ed pou\u017e\u00edv\u00e1n\u00ed na\u0161ich slu\u017eeb po datu \u00fa\u010dinnosti takov\u00e9 aktualizace znamen\u00e1 v\u00e1\u0161 souhlas s revidovan\u00fdmi z\u00e1sadami.<\/p>\n<p>Posledn\u00ed aktualizace k datu 3. 8. 2021<\/p>\n","protected":false},"excerpt":{"rendered":"<p>Z\u00e1sady ochrany osobn\u00edch \u00fadaj\u016f\u00a0 v\u00a0souvislosti s\u00a0p\u0159ijet\u00edm\u00a0Obecn\u00e9ho na\u0159\u00edzen\u00ed o ochran\u011b osobn\u00edch \u00fadaj\u016f \u00davod S\u00a0ohledem na nov\u00fd r\u00e1mec pr\u00e1vn\u00ed ochrany osobn\u00edch \u00fadaj\u016f v evropsk\u00e9m prostoru za \u00fa\u010delem zv\u00fd\u0161en\u00ed ochrany pr\u00e1v ob\u010dan\u016f EU a ochrany p\u0159ed neopr\u00e1vn\u011bn\u00fdm nakl\u00e1d\u00e1n\u00edm s jejich osobn\u00edmi \u00fadaji a daty, kter\u00e9 p\u0159in\u00e1\u0161\u00ed na\u0159\u00edzen\u00ed Evropsk\u00e9ho parlamentu a Rady (EU) \u010d. 2016\/679 ze dne 27. 4. [&hellip;]<\/p>\n","protected":false},"author":6,"featured_media":0,"parent":0,"menu_order":0,"comment_status":"closed","ping_status":"closed","template":"","meta":{"_et_pb_use_builder":"off","_et_pb_old_content":"","_et_gb_content_width":"","footnotes":""},"categories":[],"tags":[],"class_list":["post-826","page","type-page","status-publish","hentry"],"yoast_head":"<!-- This site is optimized with the Yoast SEO plugin v27.2 - https:\/\/yoast.com\/product\/yoast-seo-wordpress\/ -->\n<title>GDPR - GshSystem<\/title>\n<meta name=\"robots\" content=\"noindex, follow, max-snippet:-1, max-image-preview:large, max-video-preview:-1\" \/>\n<meta property=\"og:locale\" content=\"en_US\" \/>\n<meta property=\"og:type\" content=\"article\" \/>\n<meta property=\"og:title\" content=\"GDPR - GshSystem\" \/>\n<meta property=\"og:description\" content=\"Z\u00e1sady ochrany osobn\u00edch \u00fadaj\u016f\u00a0 v\u00a0souvislosti s\u00a0p\u0159ijet\u00edm\u00a0Obecn\u00e9ho na\u0159\u00edzen\u00ed o ochran\u011b osobn\u00edch \u00fadaj\u016f \u00davod S\u00a0ohledem na nov\u00fd r\u00e1mec pr\u00e1vn\u00ed ochrany osobn\u00edch \u00fadaj\u016f v evropsk\u00e9m prostoru za \u00fa\u010delem zv\u00fd\u0161en\u00ed ochrany pr\u00e1v ob\u010dan\u016f EU a ochrany p\u0159ed neopr\u00e1vn\u011bn\u00fdm nakl\u00e1d\u00e1n\u00edm s jejich osobn\u00edmi \u00fadaji a daty, kter\u00e9 p\u0159in\u00e1\u0161\u00ed na\u0159\u00edzen\u00ed Evropsk\u00e9ho parlamentu a Rady (EU) \u010d. 2016\/679 ze dne 27. 4. [&hellip;]\" \/>\n<meta property=\"og:url\" content=\"https:\/\/www.gshsystem.com\/cs\/gdpr\/\" \/>\n<meta property=\"og:site_name\" content=\"GshSystem\" \/>\n<meta property=\"article:modified_time\" content=\"2026-03-22T18:56:46+00:00\" \/>\n<meta name=\"twitter:card\" content=\"summary_large_image\" \/>\n<script type=\"application\/ld+json\" class=\"yoast-schema-graph\">{\"@context\":\"https:\/\/schema.org\",\"@graph\":[{\"@type\":\"WebPage\",\"@id\":\"https:\/\/www.gshsystem.com\/cs\/gdpr\/\",\"url\":\"https:\/\/www.gshsystem.com\/cs\/gdpr\/\",\"name\":\"GDPR - GshSystem\",\"isPartOf\":{\"@id\":\"https:\/\/www.gshsystem.com\/cs\/#website\"},\"datePublished\":\"2021-06-23T12:09:08+00:00\",\"dateModified\":\"2026-03-22T18:56:46+00:00\",\"inLanguage\":\"en-US\",\"potentialAction\":[{\"@type\":\"ReadAction\",\"target\":[\"https:\/\/www.gshsystem.com\/cs\/gdpr\/\"]}]},{\"@type\":\"WebSite\",\"@id\":\"https:\/\/www.gshsystem.com\/cs\/#website\",\"url\":\"https:\/\/www.gshsystem.com\/cs\/\",\"name\":\"GshSystem\",\"description\":\"\",\"potentialAction\":[{\"@type\":\"SearchAction\",\"target\":{\"@type\":\"EntryPoint\",\"urlTemplate\":\"https:\/\/www.gshsystem.com\/cs\/?s={search_term_string}\"},\"query-input\":{\"@type\":\"PropertyValueSpecification\",\"valueRequired\":true,\"valueName\":\"search_term_string\"}}],\"inLanguage\":\"en-US\"}]}<\/script>\n<!-- \/ Yoast SEO plugin. -->","yoast_head_json":{"title":"GDPR - GshSystem","robots":{"index":"noindex","follow":"follow","max-snippet":"max-snippet:-1","max-image-preview":"max-image-preview:large","max-video-preview":"max-video-preview:-1"},"og_locale":"en_US","og_type":"article","og_title":"GDPR - GshSystem","og_description":"Z\u00e1sady ochrany osobn\u00edch \u00fadaj\u016f\u00a0 v\u00a0souvislosti s\u00a0p\u0159ijet\u00edm\u00a0Obecn\u00e9ho na\u0159\u00edzen\u00ed o ochran\u011b osobn\u00edch \u00fadaj\u016f \u00davod S\u00a0ohledem na nov\u00fd r\u00e1mec pr\u00e1vn\u00ed ochrany osobn\u00edch \u00fadaj\u016f v evropsk\u00e9m prostoru za \u00fa\u010delem zv\u00fd\u0161en\u00ed ochrany pr\u00e1v ob\u010dan\u016f EU a ochrany p\u0159ed neopr\u00e1vn\u011bn\u00fdm nakl\u00e1d\u00e1n\u00edm s jejich osobn\u00edmi \u00fadaji a daty, kter\u00e9 p\u0159in\u00e1\u0161\u00ed na\u0159\u00edzen\u00ed Evropsk\u00e9ho parlamentu a Rady (EU) \u010d. 2016\/679 ze dne 27. 4. [&hellip;]","og_url":"https:\/\/www.gshsystem.com\/cs\/gdpr\/","og_site_name":"GshSystem","article_modified_time":"2026-03-22T18:56:46+00:00","twitter_card":"summary_large_image","schema":{"@context":"https:\/\/schema.org","@graph":[{"@type":"WebPage","@id":"https:\/\/www.gshsystem.com\/cs\/gdpr\/","url":"https:\/\/www.gshsystem.com\/cs\/gdpr\/","name":"GDPR - GshSystem","isPartOf":{"@id":"https:\/\/www.gshsystem.com\/cs\/#website"},"datePublished":"2021-06-23T12:09:08+00:00","dateModified":"2026-03-22T18:56:46+00:00","inLanguage":"en-US","potentialAction":[{"@type":"ReadAction","target":["https:\/\/www.gshsystem.com\/cs\/gdpr\/"]}]},{"@type":"WebSite","@id":"https:\/\/www.gshsystem.com\/cs\/#website","url":"https:\/\/www.gshsystem.com\/cs\/","name":"GshSystem","description":"","potentialAction":[{"@type":"SearchAction","target":{"@type":"EntryPoint","urlTemplate":"https:\/\/www.gshsystem.com\/cs\/?s={search_term_string}"},"query-input":{"@type":"PropertyValueSpecification","valueRequired":true,"valueName":"search_term_string"}}],"inLanguage":"en-US"}]}},"_links":{"self":[{"href":"https:\/\/www.gshsystem.com\/en\/wp-json\/wp\/v2\/pages\/826","targetHints":{"allow":["GET"]}}],"collection":[{"href":"https:\/\/www.gshsystem.com\/en\/wp-json\/wp\/v2\/pages"}],"about":[{"href":"https:\/\/www.gshsystem.com\/en\/wp-json\/wp\/v2\/types\/page"}],"author":[{"embeddable":true,"href":"https:\/\/www.gshsystem.com\/en\/wp-json\/wp\/v2\/users\/6"}],"replies":[{"embeddable":true,"href":"https:\/\/www.gshsystem.com\/en\/wp-json\/wp\/v2\/comments?post=826"}],"version-history":[{"count":1,"href":"https:\/\/www.gshsystem.com\/en\/wp-json\/wp\/v2\/pages\/826\/revisions"}],"predecessor-version":[{"id":1994,"href":"https:\/\/www.gshsystem.com\/en\/wp-json\/wp\/v2\/pages\/826\/revisions\/1994"}],"wp:attachment":[{"href":"https:\/\/www.gshsystem.com\/en\/wp-json\/wp\/v2\/media?parent=826"}],"wp:term":[{"taxonomy":"category","embeddable":true,"href":"https:\/\/www.gshsystem.com\/en\/wp-json\/wp\/v2\/categories?post=826"},{"taxonomy":"post_tag","embeddable":true,"href":"https:\/\/www.gshsystem.com\/en\/wp-json\/wp\/v2\/tags?post=826"}],"curies":[{"name":"wp","href":"https:\/\/api.w.org\/{rel}","templated":true}]}}